{"id":816,"date":"2023-03-11T13:19:01","date_gmt":"2023-03-11T13:19:01","guid":{"rendered":"https:\/\/www.themoule.com\/?page_id=816"},"modified":"2025-03-16T11:29:06","modified_gmt":"2025-03-16T11:29:06","slug":"newsletter","status":"publish","type":"page","link":"https:\/\/www.themoule.com\/en\/newsletter\/","title":{"rendered":"Newsletter"},"content":{"rendered":"<div data-elementor-type=\"wp-page\" data-elementor-id=\"816\" class=\"elementor elementor-816\" data-elementor-settings=\"{&quot;ha_cmc_init_switcher&quot;:&quot;no&quot;}\" data-elementor-post-type=\"page\">\n\t\t\t\t\t\t<section class=\"elementor-section elementor-top-section elementor-element elementor-element-8fdc44b elementor-section-boxed elementor-section-height-default elementor-section-height-default\" data-id=\"8fdc44b\" data-element_type=\"section\" data-e-type=\"section\" data-settings=\"{&quot;background_background&quot;:&quot;classic&quot;,&quot;_ha_eqh_enable&quot;:false}\">\n\t\t\t\t\t\t<div class=\"elementor-container elementor-column-gap-default\">\n\t\t\t\t\t<div class=\"elementor-column elementor-col-100 elementor-top-column elementor-element elementor-element-c973c7f\" data-id=\"c973c7f\" data-element_type=\"column\" data-e-type=\"column\">\n\t\t\t<div class=\"elementor-widget-wrap elementor-element-populated\">\n\t\t\t\t\t\t<div class=\"elementor-element elementor-element-e845837 elementor-widget elementor-widget-spacer\" data-id=\"e845837\" data-element_type=\"widget\" data-e-type=\"widget\" data-widget_type=\"spacer.default\">\n\t\t\t\t\t\t\t<div class=\"elementor-spacer\">\n\t\t\t<div class=\"elementor-spacer-inner\"><\/div>\n\t\t<\/div>\n\t\t\t\t\t\t<\/div>\n\t\t\t\t<div class=\"elementor-element elementor-element-89b5328 elementor-widget elementor-widget-heading\" data-id=\"89b5328\" data-element_type=\"widget\" data-e-type=\"widget\" data-widget_type=\"heading.default\">\n\t\t\t\t\t<h2 class=\"elementor-heading-title elementor-size-default\">NEWSLETTER<\/h2>\t\t\t\t<\/div>\n\t\t\t\t<div class=\"elementor-element elementor-element-02c0f0a elementor-widget elementor-widget-text-editor\" data-id=\"02c0f0a\" data-element_type=\"widget\" data-e-type=\"widget\" data-widget_type=\"text-editor.default\">\n\t\t\t\t\t\t\t\t\t<p>Subscr\u00edbete a nuestro newsletter para estar al d\u00eda de todas las producciones de Moule. Ofertas de trabajo y subcontrataciones.<\/p>\t\t\t\t\t\t\t\t<\/div>\n\t\t\t\t\t<\/div>\n\t\t<\/div>\n\t\t\t\t\t<\/div>\n\t\t<\/section>\n\t\t\t\t<section class=\"elementor-section elementor-top-section elementor-element elementor-element-421733c elementor-section-boxed elementor-section-height-default elementor-section-height-default\" data-id=\"421733c\" data-element_type=\"section\" data-e-type=\"section\" data-settings=\"{&quot;background_background&quot;:&quot;classic&quot;,&quot;_ha_eqh_enable&quot;:false}\">\n\t\t\t\t\t\t<div class=\"elementor-container elementor-column-gap-default\">\n\t\t\t\t\t<div class=\"elementor-column elementor-col-100 elementor-top-column elementor-element elementor-element-200e354\" data-id=\"200e354\" data-element_type=\"column\" data-e-type=\"column\">\n\t\t\t<div class=\"elementor-widget-wrap elementor-element-populated\">\n\t\t\t\t\t\t<div class=\"elementor-element elementor-element-47df6cf elementor-widget elementor-widget-shortcode\" data-id=\"47df6cf\" data-element_type=\"widget\" data-e-type=\"widget\" data-widget_type=\"shortcode.default\">\n\t\t\t\t\t\t\t<div class=\"elementor-shortcode\"><div class=\"forminator-ui forminator-custom-form forminator-custom-form-334 forminator-design--flat  forminator_ajax\" data-forminator-render=\"0\" data-form=\"forminator-module-334\" data-uid=\"6a05dff72363a\"><br\/><\/div><form\n\t\t\t\tid=\"forminator-module-334\"\n\t\t\t\tclass=\"forminator-ui forminator-custom-form forminator-custom-form-334 forminator-design--flat  forminator_ajax\"\n\t\t\t\tmethod=\"post\"\n\t\t\t\tdata-forminator-render=\"0\"\n\t\t\t\tdata-form-id=\"334\"\n\t\t\t\t data-color-option=\"default\" data-design=\"flat\" data-grid=\"open\" style=\"display: none;\"\n\t\t\t\tdata-uid=\"6a05dff72363a\" action=\"\"\n\t\t\t><div role=\"alert\" aria-live=\"polite\" class=\"forminator-response-message forminator-error\" aria-hidden=\"true\"><\/div><div class=\"forminator-row\"><div id=\"name-1\" class=\"forminator-field-name forminator-col forminator-col-12\"><div class=\"forminator-field\"><label for=\"forminator-field-name-1_6a05dff72363a\" id=\"forminator-field-name-1_6a05dff72363a-label\" class=\"forminator-label\">Nombre <span class=\"forminator-required\">*<\/span><\/label><input type=\"text\" name=\"name-1\" value=\"\" placeholder=\"Ejemplo: Xavi\" id=\"forminator-field-name-1_6a05dff72363a\" class=\"forminator-input forminator-name--field\" aria-required=\"true\" autocomplete=\"name\" \/><\/div><\/div><\/div><div class=\"forminator-row\"><div id=\"email-1\" class=\"forminator-field-email forminator-col forminator-col-12\"><div class=\"forminator-field\"><label for=\"forminator-field-email-1_6a05dff72363a\" id=\"forminator-field-email-1_6a05dff72363a-label\" class=\"forminator-label\">Correo electr\u00f3nico <span class=\"forminator-required\">*<\/span><\/label><input type=\"email\" name=\"email-1\" value=\"\" placeholder=\"Ej . : xavi@mail.com\" id=\"forminator-field-email-1_6a05dff72363a\" class=\"forminator-input forminator-email--field\" data-required=\"true\" aria-required=\"true\" autocomplete=\"email\" \/><\/div><\/div><\/div><div class=\"forminator-row\"><div id=\"checkbox-1\" class=\"forminator-field-checkbox forminator-col forminator-col-12\"><div role=\"group\" class=\"forminator-field required\" aria-labelledby=\"forminator-checkbox-group-forminator-field-checkbox-1-6a05dff72363a-label\"><span id=\"forminator-checkbox-group-forminator-field-checkbox-1-6a05dff72363a-label\" class=\"forminator-label\">Consentimiento para el env\u00edo de not\u00edcias <span class=\"forminator-required\">*<\/span><\/span><label id=\"forminator-field-checkbox-1-1-6a05dff72363a-label\" for=\"forminator-field-checkbox-1-1-6a05dff72363a\" class=\"forminator-checkbox\" title=\"Si, acepto la pol\u00edtica de privavidad y t\u00e9rminos y condiciones\"><input type=\"checkbox\" name=\"checkbox-1[]\" value=\"one\" id=\"forminator-field-checkbox-1-1-6a05dff72363a\" aria-labelledby=\"forminator-field-checkbox-1-1-6a05dff72363a-label\" data-calculation=\"0\"   aria-describedby=\"forminator-field-checkbox-1-6a05dff72363a-description\"\/><span class=\"forminator-checkbox-box\" aria-hidden=\"true\"><\/span><span class=\"forminator-checkbox-label\">Si, acepto la pol\u00edtica de privavidad y t\u00e9rminos y condiciones<\/span><\/label><span id=\"forminator-field-checkbox-1-6a05dff72363a-description\" class=\"forminator-description\">Consentimiento<\/span><\/div><\/div><\/div><input type=\"hidden\" name=\"referer_url\" value=\"\" \/><div class=\"forminator-row forminator-row-last\"><div class=\"forminator-col\"><div class=\"forminator-field\"><button class=\"forminator-button forminator-button-submit\">Subscribe<\/button><\/div><\/div><\/div><input type=\"hidden\" id=\"forminator_nonce\" name=\"forminator_nonce\" value=\"7f0f3771a8\" \/><input type=\"hidden\" name=\"_wp_http_referer\" value=\"\/en\/wp-json\/wp\/v2\/pages\/816\" \/><input type=\"hidden\" name=\"form_id\" value=\"334\"><input type=\"hidden\" name=\"page_id\" value=\"816\"><input type=\"hidden\" name=\"form_type\" value=\"default\"><input type=\"hidden\" name=\"current_url\" value=\"https:\/\/www.themoule.com\/en\/newsletter\/\"><input type=\"hidden\" name=\"render_id\" value=\"0\"><input type=\"hidden\" name=\"action\" value=\"forminator_submit_form_custom-forms\"><input type=\"hidden\" name=\"trp-form-language\" value=\"en\"\/><\/form><\/div>\n\t\t\t\t\t\t<\/div>\n\t\t\t\t<div class=\"elementor-element elementor-element-9a94ed8 elementor-widget elementor-widget-text-editor\" data-id=\"9a94ed8\" data-element_type=\"widget\" data-e-type=\"widget\" data-widget_type=\"text-editor.default\">\n\t\t\t\t\t\t\t\t\t<p>Consulta la <a href=\"https:\/\/www.themoule.com\/en\/politica-de-privacidad\/\">pol\u00edtica de privacidad<\/a>\u00a0<\/p>\t\t\t\t\t\t\t\t<\/div>\n\t\t\t\t<div class=\"elementor-element elementor-element-6e3f269 elementor-widget elementor-widget-spacer\" data-id=\"6e3f269\" data-element_type=\"widget\" data-e-type=\"widget\" data-widget_type=\"spacer.default\">\n\t\t\t\t\t\t\t<div class=\"elementor-spacer\">\n\t\t\t<div class=\"elementor-spacer-inner\"><\/div>\n\t\t<\/div>\n\t\t\t\t\t\t<\/div>\n\t\t\t\t\t<\/div>\n\t\t<\/div>\n\t\t\t\t\t<\/div>\n\t\t<\/section>\n\t\t\t\t<\/div>","protected":false},"excerpt":{"rendered":"<p>NEWSLETTER Subscr\u00edbete a nuestro newsletter para estar al d\u00eda de todas las producciones de Moule. Ofertas de trabajo y subcontrataciones. Consulta la pol\u00edtica de privacidad\u00a0<\/p>","protected":false},"author":2,"featured_media":2976,"parent":0,"menu_order":0,"comment_status":"closed","ping_status":"closed","template":"elementor_header_footer","meta":{"footnotes":""},"class_list":["post-816","page","type-page","status-publish","has-post-thumbnail","hentry"],"yoast_head":"<!-- This site is optimized with the Yoast SEO plugin v27.6 - https:\/\/yoast.com\/product\/yoast-seo-wordpress\/ -->\n<title>Newsletter - Mo\u00fcle - Productora audiovisual independiente - Direcci\u00f3n Creativa - Direcci\u00f3n Ejecutiva<\/title>\n<meta name=\"description\" content=\"Subscr\u00edbete a nuestro newsletter para estar al d\u00eda de todas las producciones de Moule. Ofertas de trabajo y subcontrataciones.\" \/>\n<meta name=\"robots\" content=\"index, follow, max-snippet:-1, max-image-preview:large, max-video-preview:-1\" \/>\n<link rel=\"canonical\" href=\"https:\/\/www.themoule.com\/en\/newsletter\/\" \/>\n<meta property=\"og:locale\" content=\"en_US\" \/>\n<meta property=\"og:type\" content=\"article\" \/>\n<meta property=\"og:title\" content=\"Newsletter - Mo\u00fcle - Productora audiovisual independiente - Direcci\u00f3n Creativa - Direcci\u00f3n Ejecutiva\" \/>\n<meta property=\"og:description\" content=\"Subscr\u00edbete a nuestro newsletter para estar al d\u00eda de todas las producciones de Moule. Ofertas de trabajo y subcontrataciones.\" \/>\n<meta property=\"og:url\" content=\"https:\/\/www.themoule.com\/en\/newsletter\/\" \/>\n<meta property=\"og:site_name\" content=\"Mo\u00fcle - Productora audiovisual independiente - Direcci\u00f3n Creativa - Direcci\u00f3n Ejecutiva\" \/>\n<meta property=\"article:publisher\" content=\"https:\/\/www.facebook.com\/moulepeople\" \/>\n<meta property=\"article:modified_time\" content=\"2025-03-16T11:29:06+00:00\" \/>\n<meta property=\"og:image\" content=\"https:\/\/www.themoule.com\/wp-content\/uploads\/2024\/04\/pexels-freestocks-12627-scaled.jpg\" \/>\n\t<meta property=\"og:image:width\" content=\"2048\" \/>\n\t<meta property=\"og:image:height\" content=\"1365\" \/>\n\t<meta property=\"og:image:type\" content=\"image\/jpeg\" \/>\n<meta name=\"twitter:card\" content=\"summary_large_image\" \/>\n<meta name=\"twitter:site\" content=\"@moulepeople\" \/>\n<meta name=\"twitter:label1\" content=\"Est. reading time\" \/>\n\t<meta name=\"twitter:data1\" content=\"1 minute\" \/>\n<script type=\"application\/ld+json\" class=\"yoast-schema-graph\">{\"@context\":\"https:\\\/\\\/schema.org\",\"@graph\":[{\"@type\":\"WebPage\",\"@id\":\"https:\\\/\\\/www.themoule.com\\\/newsletter\\\/\",\"url\":\"https:\\\/\\\/www.themoule.com\\\/newsletter\\\/\",\"name\":\"Newsletter - Mo\u00fcle - Productora audiovisual independiente - Direcci\u00f3n Creativa - Direcci\u00f3n Ejecutiva\",\"isPartOf\":{\"@id\":\"https:\\\/\\\/www.themoule.com\\\/#website\"},\"primaryImageOfPage\":{\"@id\":\"https:\\\/\\\/www.themoule.com\\\/newsletter\\\/#primaryimage\"},\"image\":{\"@id\":\"https:\\\/\\\/www.themoule.com\\\/newsletter\\\/#primaryimage\"},\"thumbnailUrl\":\"https:\\\/\\\/www.themoule.com\\\/wp-content\\\/uploads\\\/2024\\\/04\\\/pexels-freestocks-12627-scaled.jpg\",\"datePublished\":\"2023-03-11T13:19:01+00:00\",\"dateModified\":\"2025-03-16T11:29:06+00:00\",\"description\":\"Subscr\u00edbete a nuestro newsletter para estar al d\u00eda de todas las producciones de Moule. Ofertas de trabajo y subcontrataciones.\",\"breadcrumb\":{\"@id\":\"https:\\\/\\\/www.themoule.com\\\/newsletter\\\/#breadcrumb\"},\"inLanguage\":\"en-US\",\"potentialAction\":[{\"@type\":\"ReadAction\",\"target\":[\"https:\\\/\\\/www.themoule.com\\\/newsletter\\\/\"]}]},{\"@type\":\"ImageObject\",\"inLanguage\":\"en-US\",\"@id\":\"https:\\\/\\\/www.themoule.com\\\/newsletter\\\/#primaryimage\",\"url\":\"https:\\\/\\\/www.themoule.com\\\/wp-content\\\/uploads\\\/2024\\\/04\\\/pexels-freestocks-12627-scaled.jpg\",\"contentUrl\":\"https:\\\/\\\/www.themoule.com\\\/wp-content\\\/uploads\\\/2024\\\/04\\\/pexels-freestocks-12627-scaled.jpg\",\"width\":2048,\"height\":1365,\"caption\":\"newsletter moule\"},{\"@type\":\"BreadcrumbList\",\"@id\":\"https:\\\/\\\/www.themoule.com\\\/newsletter\\\/#breadcrumb\",\"itemListElement\":[{\"@type\":\"ListItem\",\"position\":1,\"name\":\"Portada\",\"item\":\"https:\\\/\\\/www.themoule.com\\\/\"},{\"@type\":\"ListItem\",\"position\":2,\"name\":\"Newsletter\"}]},{\"@type\":\"WebSite\",\"@id\":\"https:\\\/\\\/www.themoule.com\\\/#website\",\"url\":\"https:\\\/\\\/www.themoule.com\\\/\",\"name\":\"Mo\u00fcle | Productora Audiovisual & Storytelling\",\"description\":\"Productora audiovisual creativa\",\"publisher\":{\"@id\":\"https:\\\/\\\/www.themoule.com\\\/#organization\"},\"alternateName\":\"Moule productora\",\"potentialAction\":[{\"@type\":\"SearchAction\",\"target\":{\"@type\":\"EntryPoint\",\"urlTemplate\":\"https:\\\/\\\/www.themoule.com\\\/?s={search_term_string}\"},\"query-input\":{\"@type\":\"PropertyValueSpecification\",\"valueRequired\":true,\"valueName\":\"search_term_string\"}}],\"inLanguage\":\"en-US\"},{\"@type\":\"Organization\",\"@id\":\"https:\\\/\\\/www.themoule.com\\\/#organization\",\"name\":\"Mo\u00fcle | Productora Audiovisual & Storytelling\",\"alternateName\":\"Moule films\",\"url\":\"https:\\\/\\\/www.themoule.com\\\/\",\"logo\":{\"@type\":\"ImageObject\",\"inLanguage\":\"en-US\",\"@id\":\"https:\\\/\\\/www.themoule.com\\\/#\\\/schema\\\/logo\\\/image\\\/\",\"url\":\"https:\\\/\\\/www.themoule.com\\\/wp-content\\\/uploads\\\/2023\\\/03\\\/moule_iconblack.png\",\"contentUrl\":\"https:\\\/\\\/www.themoule.com\\\/wp-content\\\/uploads\\\/2023\\\/03\\\/moule_iconblack.png\",\"width\":915,\"height\":935,\"caption\":\"Mo\u00fcle | Productora Audiovisual & Storytelling\"},\"image\":{\"@id\":\"https:\\\/\\\/www.themoule.com\\\/#\\\/schema\\\/logo\\\/image\\\/\"},\"sameAs\":[\"https:\\\/\\\/www.facebook.com\\\/moulepeople\",\"https:\\\/\\\/x.com\\\/moulepeople\",\"https:\\\/\\\/www.instagram.com\\\/moulepeople\\\/\",\"https:\\\/\\\/www.linkedin.com\\\/company\\\/moule\\\/?viewAsMember=true\",\"https:\\\/\\\/vimeo.com\\\/mouletv\"]}]}<\/script>\n<!-- \/ Yoast SEO plugin. -->","yoast_head_json":{"title":"Newsletter - Mo\u00fcle - Productora audiovisual independiente - Direcci\u00f3n Creativa - Direcci\u00f3n Ejecutiva","description":"Subscr\u00edbete a nuestro newsletter para estar al d\u00eda de todas las producciones de Moule. Ofertas de trabajo y subcontrataciones.","robots":{"index":"index","follow":"follow","max-snippet":"max-snippet:-1","max-image-preview":"max-image-preview:large","max-video-preview":"max-video-preview:-1"},"canonical":"https:\/\/www.themoule.com\/en\/newsletter\/","og_locale":"en_US","og_type":"article","og_title":"Newsletter - Mo\u00fcle - Productora audiovisual independiente - Direcci\u00f3n Creativa - Direcci\u00f3n Ejecutiva","og_description":"Subscr\u00edbete a nuestro newsletter para estar al d\u00eda de todas las producciones de Moule. Ofertas de trabajo y subcontrataciones.","og_url":"https:\/\/www.themoule.com\/en\/newsletter\/","og_site_name":"Mo\u00fcle - Productora audiovisual independiente - Direcci\u00f3n Creativa - Direcci\u00f3n Ejecutiva","article_publisher":"https:\/\/www.facebook.com\/moulepeople","article_modified_time":"2025-03-16T11:29:06+00:00","og_image":[{"width":2048,"height":1365,"url":"https:\/\/www.themoule.com\/wp-content\/uploads\/2024\/04\/pexels-freestocks-12627-scaled.jpg","type":"image\/jpeg"}],"twitter_card":"summary_large_image","twitter_site":"@moulepeople","twitter_misc":{"Est. reading time":"1 minute"},"schema":{"@context":"https:\/\/schema.org","@graph":[{"@type":"WebPage","@id":"https:\/\/www.themoule.com\/newsletter\/","url":"https:\/\/www.themoule.com\/newsletter\/","name":"Newsletter - Mo\u00fcle - Productora audiovisual independiente - Direcci\u00f3n Creativa - Direcci\u00f3n Ejecutiva","isPartOf":{"@id":"https:\/\/www.themoule.com\/#website"},"primaryImageOfPage":{"@id":"https:\/\/www.themoule.com\/newsletter\/#primaryimage"},"image":{"@id":"https:\/\/www.themoule.com\/newsletter\/#primaryimage"},"thumbnailUrl":"https:\/\/www.themoule.com\/wp-content\/uploads\/2024\/04\/pexels-freestocks-12627-scaled.jpg","datePublished":"2023-03-11T13:19:01+00:00","dateModified":"2025-03-16T11:29:06+00:00","description":"Subscr\u00edbete a nuestro newsletter para estar al d\u00eda de todas las producciones de Moule. Ofertas de trabajo y subcontrataciones.","breadcrumb":{"@id":"https:\/\/www.themoule.com\/newsletter\/#breadcrumb"},"inLanguage":"en-US","potentialAction":[{"@type":"ReadAction","target":["https:\/\/www.themoule.com\/newsletter\/"]}]},{"@type":"ImageObject","inLanguage":"en-US","@id":"https:\/\/www.themoule.com\/newsletter\/#primaryimage","url":"https:\/\/www.themoule.com\/wp-content\/uploads\/2024\/04\/pexels-freestocks-12627-scaled.jpg","contentUrl":"https:\/\/www.themoule.com\/wp-content\/uploads\/2024\/04\/pexels-freestocks-12627-scaled.jpg","width":2048,"height":1365,"caption":"newsletter moule"},{"@type":"BreadcrumbList","@id":"https:\/\/www.themoule.com\/newsletter\/#breadcrumb","itemListElement":[{"@type":"ListItem","position":1,"name":"Portada","item":"https:\/\/www.themoule.com\/"},{"@type":"ListItem","position":2,"name":"Newsletter"}]},{"@type":"WebSite","@id":"https:\/\/www.themoule.com\/#website","url":"https:\/\/www.themoule.com\/","name":"Mo\u00fcle | Productora Audiovisual & Storytelling","description":"Productora audiovisual creativa","publisher":{"@id":"https:\/\/www.themoule.com\/#organization"},"alternateName":"Moule productora","potentialAction":[{"@type":"SearchAction","target":{"@type":"EntryPoint","urlTemplate":"https:\/\/www.themoule.com\/?s={search_term_string}"},"query-input":{"@type":"PropertyValueSpecification","valueRequired":true,"valueName":"search_term_string"}}],"inLanguage":"en-US"},{"@type":"Organization","@id":"https:\/\/www.themoule.com\/#organization","name":"Mo\u00fcle | Productora Audiovisual & Storytelling","alternateName":"Moule films","url":"https:\/\/www.themoule.com\/","logo":{"@type":"ImageObject","inLanguage":"en-US","@id":"https:\/\/www.themoule.com\/#\/schema\/logo\/image\/","url":"https:\/\/www.themoule.com\/wp-content\/uploads\/2023\/03\/moule_iconblack.png","contentUrl":"https:\/\/www.themoule.com\/wp-content\/uploads\/2023\/03\/moule_iconblack.png","width":915,"height":935,"caption":"Mo\u00fcle | Productora Audiovisual & Storytelling"},"image":{"@id":"https:\/\/www.themoule.com\/#\/schema\/logo\/image\/"},"sameAs":["https:\/\/www.facebook.com\/moulepeople","https:\/\/x.com\/moulepeople","https:\/\/www.instagram.com\/moulepeople\/","https:\/\/www.linkedin.com\/company\/moule\/?viewAsMember=true","https:\/\/vimeo.com\/mouletv"]}]}},"_hostinger_reach_plugin_has_subscription_block":false,"_hostinger_reach_plugin_is_elementor":false,"_links":{"self":[{"href":"https:\/\/www.themoule.com\/en\/wp-json\/wp\/v2\/pages\/816","targetHints":{"allow":["GET"]}}],"collection":[{"href":"https:\/\/www.themoule.com\/en\/wp-json\/wp\/v2\/pages"}],"about":[{"href":"https:\/\/www.themoule.com\/en\/wp-json\/wp\/v2\/types\/page"}],"author":[{"embeddable":true,"href":"https:\/\/www.themoule.com\/en\/wp-json\/wp\/v2\/users\/2"}],"replies":[{"embeddable":true,"href":"https:\/\/www.themoule.com\/en\/wp-json\/wp\/v2\/comments?post=816"}],"version-history":[{"count":37,"href":"https:\/\/www.themoule.com\/en\/wp-json\/wp\/v2\/pages\/816\/revisions"}],"predecessor-version":[{"id":6560,"href":"https:\/\/www.themoule.com\/en\/wp-json\/wp\/v2\/pages\/816\/revisions\/6560"}],"wp:featuredmedia":[{"embeddable":true,"href":"https:\/\/www.themoule.com\/en\/wp-json\/wp\/v2\/media\/2976"}],"wp:attachment":[{"href":"https:\/\/www.themoule.com\/en\/wp-json\/wp\/v2\/media?parent=816"}],"curies":[{"name":"wp","href":"https:\/\/api.w.org\/{rel}","templated":true}]}}