{"id":7696,"date":"2025-10-28T17:56:31","date_gmt":"2025-10-28T17:56:31","guid":{"rendered":"https:\/\/www.themoule.com\/?page_id=7696"},"modified":"2025-10-28T18:11:46","modified_gmt":"2025-10-28T18:11:46","slug":"pagina-de-prova","status":"publish","type":"page","link":"https:\/\/www.themoule.com\/en\/pagina-de-prova\/","title":{"rendered":"PAGINA DE PROVA"},"content":{"rendered":"<div data-elementor-type=\"wp-page\" data-elementor-id=\"7696\" class=\"elementor elementor-7696\" data-elementor-settings=\"{&quot;ha_cmc_init_switcher&quot;:&quot;no&quot;}\" data-elementor-post-type=\"page\">\n\t\t\t\t<div class=\"elementor-element elementor-element-a4c1825 e-flex e-con-boxed e-con e-parent\" data-id=\"a4c1825\" data-element_type=\"container\" data-e-type=\"container\" data-settings=\"{&quot;background_background&quot;:&quot;video&quot;,&quot;background_video_link&quot;:&quot;https:\\\/\\\/themoule.com\\\/wp-content\\\/uploads\\\/2025\\\/10\\\/docufondocine21.mov&quot;,&quot;background_play_on_mobile&quot;:&quot;yes&quot;,&quot;_ha_eqh_enable&quot;:false}\">\n\t\t\t\t\t<div class=\"e-con-inner\">\n\t\t<div class=\"elementor-background-video-container\">\n\t\t\t\t\t\t\t<video class=\"elementor-background-video-hosted\" role=\"presentation\" autoplay muted playsinline loop><\/video>\n\t\t\t\t\t<\/div>\t\t<div class=\"elementor-element elementor-element-415171f elementor-widget elementor-widget-spacer\" data-id=\"415171f\" data-element_type=\"widget\" data-e-type=\"widget\" data-widget_type=\"spacer.default\">\n\t\t\t\t\t\t\t<div class=\"elementor-spacer\">\n\t\t\t<div class=\"elementor-spacer-inner\"><\/div>\n\t\t<\/div>\n\t\t\t\t\t\t<\/div>\n\t\t<div class=\"elementor-element elementor-element-53870d6 e-con-full e-flex e-con e-child\" data-id=\"53870d6\" data-element_type=\"container\" data-e-type=\"container\" data-settings=\"{&quot;_ha_eqh_enable&quot;:false}\">\n\t\t\t\t<div class=\"elementor-element elementor-element-69c362a elementor-widget elementor-widget-html\" data-id=\"69c362a\" data-element_type=\"widget\" data-e-type=\"widget\" data-widget_type=\"html.default\">\n\t\t\t\t\t<h2 class=\"titulo-animado\">\n  El significado de Moule es \n  <span class=\"palabras\">\n    <b>molde<\/b>\n    <b>creatividad<\/b>\n    <b>cine<\/b>\n    <b>audiovisual<\/b>\n    <b>cultura<\/b>\n    <b>arte<\/b>\n    <b>entretenimiento<\/b>\n    <b>sostenibilidad<\/b>\n    <b>solidaridad<\/b>\n    <b>oportunidad<\/b>\n    <b>comunidad<\/b>\n  <\/span>\n<\/h2>\n\t\t\t\t<\/div>\n\t\t\t\t<\/div>\n\t\t<div class=\"elementor-element elementor-element-f767496 e-con-full e-flex e-con e-child\" data-id=\"f767496\" data-element_type=\"container\" data-e-type=\"container\" data-settings=\"{&quot;_ha_eqh_enable&quot;:false}\">\n\t\t<div class=\"elementor-element elementor-element-42ec6e7 e-grid e-con-full e-con e-child\" data-id=\"42ec6e7\" data-element_type=\"container\" data-e-type=\"container\" data-settings=\"{&quot;_ha_eqh_enable&quot;:false}\">\n\t\t\t\t<div class=\"elementor-element elementor-element-e991413 elementor-widget elementor-widget-html\" data-id=\"e991413\" data-element_type=\"widget\" data-e-type=\"widget\" data-widget_type=\"html.default\">\n\t\t\t\t\t<h2 class=\"titulo-animado\">\n  Somos \n  <span class=\"palabras\">\n    <b>creativos<\/b>\n    <b>so\u00f1adores<\/b>\n    <b>cineastas<\/b>\n    <b>productores<\/b>\n  <\/span>\n<\/h2>\n\t\t\t\t<\/div>\n\t\t\t\t<\/div>\n\t\t\t\t<\/div>\n\t\t\t\t<div class=\"elementor-element elementor-element-afa91a9 elementor-widget elementor-widget-heading\" data-id=\"afa91a9\" data-element_type=\"widget\" data-e-type=\"widget\" data-widget_type=\"heading.default\">\n\t\t\t\t\t<h2 class=\"elementor-heading-title elementor-size-default\">UNA MIRADA PARA UNA MANERA DE SER Y ESTAR<\/h2>\t\t\t\t<\/div>\n\t\t\t\t<div class=\"elementor-element elementor-element-d9a0be6 elementor-widget elementor-widget-heading\" data-id=\"d9a0be6\" data-element_type=\"widget\" data-e-type=\"widget\" data-widget_type=\"heading.default\">\n\t\t\t\t\t<h2 class=\"elementor-heading-title elementor-size-default\"><a href=\"http:\/\/www.themoule.com\/en\/\">INDEPENDENT FILM<\/a><\/h2>\t\t\t\t<\/div>\n\t\t\t\t<div class=\"elementor-element elementor-element-a6c983a elementor-widget elementor-widget-text-editor\" data-id=\"a6c983a\" data-element_type=\"widget\" data-e-type=\"widget\" data-widget_type=\"text-editor.default\">\n\t\t\t\t\t\t\t\t\t<p>Nuestra visita en este planeta es&nbsp;ef\u00edmera, estamos aqu\u00ed durante un tiempo determinado. El planeta y habitantes son la sujeci\u00f3n que genera vida. Pero para ello es necesario una buena coperaci\u00f3n y convivencia.&nbsp;<\/p>\n<p>Como bi\u00e9n decia Jacques Coustau,&nbsp;las personas solo respetamos lo que amamos, pero solo amamos aquello que conocemos.&nbsp;<\/p>\n<p>Nosotros, como cineastas que somos, tenemos una gran responsabilidad. Ofrecemos uno de los medios m\u00e1s importantes de nuestra era, por ello tenemos que ser fieles a nuestros principios como personas. Aportar valor real, que ayude a entender&#8230; a accionar.<\/p>\n<p>La cultura es parte de nuestra soluci\u00f3n como sociedad. Llevar de la mano al espectador a nuevas experiencias, conocimientos y deseos es clave para una vida sostenible.<\/p>\t\t\t\t\t\t\t\t<\/div>\n\t\t\t\t\t<\/div>\n\t\t\t\t<\/div>\n\t\t\t\t<\/div>","protected":false},"excerpt":{"rendered":"<p>El significado de Moule es molde creatividad cine audiovisual cultura arte entretenimiento sostenibilidad solidaridad oportunidad comunidad Somos creativos so\u00f1adores cineastas productores UNA MIRADA PARA UNA MANERA DE SER Y ESTAR CINE DOCUMENTAL Nuestra visita en este planeta es&nbsp;ef\u00edmera, estamos aqu\u00ed durante un tiempo determinado. El planeta y habitantes son la sujeci\u00f3n que genera vida. Pero [&hellip;]<\/p>\n","protected":false},"author":2,"featured_media":0,"parent":0,"menu_order":0,"comment_status":"closed","ping_status":"closed","template":"elementor_header_footer","meta":{"footnotes":""},"class_list":["post-7696","page","type-page","status-publish","hentry"],"yoast_head":"<!-- This site is optimized with the Yoast SEO plugin v27.5 - https:\/\/yoast.com\/product\/yoast-seo-wordpress\/ -->\n<title>PAGINA DE PROVA - Mo\u00fcle - Productora audiovisual independiente - Direcci\u00f3n Creativa - Direcci\u00f3n Ejecutiva<\/title>\n<meta name=\"robots\" content=\"index, follow, max-snippet:-1, max-image-preview:large, max-video-preview:-1\" \/>\n<link rel=\"canonical\" href=\"https:\/\/www.themoule.com\/en\/pagina-de-prova\/\" \/>\n<meta property=\"og:locale\" content=\"en_US\" \/>\n<meta property=\"og:type\" content=\"article\" \/>\n<meta property=\"og:title\" content=\"PAGINA DE PROVA - Mo\u00fcle - Productora audiovisual independiente - Direcci\u00f3n Creativa - Direcci\u00f3n Ejecutiva\" \/>\n<meta property=\"og:description\" content=\"El significado de Moule es molde creatividad cine audiovisual cultura arte entretenimiento sostenibilidad solidaridad oportunidad comunidad Somos creativos so\u00f1adores cineastas productores UNA MIRADA PARA UNA MANERA DE SER Y ESTAR CINE DOCUMENTAL Nuestra visita en este planeta es&nbsp;ef\u00edmera, estamos aqu\u00ed durante un tiempo determinado. El planeta y habitantes son la sujeci\u00f3n que genera vida. Pero [&hellip;]\" \/>\n<meta property=\"og:url\" content=\"https:\/\/www.themoule.com\/en\/pagina-de-prova\/\" \/>\n<meta property=\"og:site_name\" content=\"Mo\u00fcle - Productora audiovisual independiente - Direcci\u00f3n Creativa - Direcci\u00f3n Ejecutiva\" \/>\n<meta property=\"article:publisher\" content=\"https:\/\/www.facebook.com\/moulepeople\" \/>\n<meta property=\"article:modified_time\" content=\"2025-10-28T18:11:46+00:00\" \/>\n<meta property=\"og:image\" content=\"https:\/\/www.themoule.com\/wp-content\/uploads\/2023\/03\/moule_iconblack.png\" \/>\n\t<meta property=\"og:image:width\" content=\"915\" \/>\n\t<meta property=\"og:image:height\" content=\"935\" \/>\n\t<meta property=\"og:image:type\" content=\"image\/png\" \/>\n<meta name=\"twitter:card\" content=\"summary_large_image\" \/>\n<meta name=\"twitter:site\" content=\"@moulepeople\" \/>\n<meta name=\"twitter:label1\" content=\"Est. reading time\" \/>\n\t<meta name=\"twitter:data1\" content=\"1 minute\" \/>\n<script type=\"application\/ld+json\" class=\"yoast-schema-graph\">{\"@context\":\"https:\\\/\\\/schema.org\",\"@graph\":[{\"@type\":\"WebPage\",\"@id\":\"https:\\\/\\\/www.themoule.com\\\/pagina-de-prova\\\/\",\"url\":\"https:\\\/\\\/www.themoule.com\\\/pagina-de-prova\\\/\",\"name\":\"PAGINA DE PROVA - Mo\u00fcle - Productora audiovisual independiente - Direcci\u00f3n Creativa - Direcci\u00f3n Ejecutiva\",\"isPartOf\":{\"@id\":\"https:\\\/\\\/www.themoule.com\\\/#website\"},\"datePublished\":\"2025-10-28T17:56:31+00:00\",\"dateModified\":\"2025-10-28T18:11:46+00:00\",\"breadcrumb\":{\"@id\":\"https:\\\/\\\/www.themoule.com\\\/pagina-de-prova\\\/#breadcrumb\"},\"inLanguage\":\"en-US\",\"potentialAction\":[{\"@type\":\"ReadAction\",\"target\":[\"https:\\\/\\\/www.themoule.com\\\/pagina-de-prova\\\/\"]}]},{\"@type\":\"BreadcrumbList\",\"@id\":\"https:\\\/\\\/www.themoule.com\\\/pagina-de-prova\\\/#breadcrumb\",\"itemListElement\":[{\"@type\":\"ListItem\",\"position\":1,\"name\":\"Portada\",\"item\":\"https:\\\/\\\/www.themoule.com\\\/\"},{\"@type\":\"ListItem\",\"position\":2,\"name\":\"PAGINA DE PROVA\"}]},{\"@type\":\"WebSite\",\"@id\":\"https:\\\/\\\/www.themoule.com\\\/#website\",\"url\":\"https:\\\/\\\/www.themoule.com\\\/\",\"name\":\"Mo\u00fcle | Productora Audiovisual & Storytelling\",\"description\":\"Productora audiovisual creativa\",\"publisher\":{\"@id\":\"https:\\\/\\\/www.themoule.com\\\/#organization\"},\"alternateName\":\"Moule productora\",\"potentialAction\":[{\"@type\":\"SearchAction\",\"target\":{\"@type\":\"EntryPoint\",\"urlTemplate\":\"https:\\\/\\\/www.themoule.com\\\/?s={search_term_string}\"},\"query-input\":{\"@type\":\"PropertyValueSpecification\",\"valueRequired\":true,\"valueName\":\"search_term_string\"}}],\"inLanguage\":\"en-US\"},{\"@type\":\"Organization\",\"@id\":\"https:\\\/\\\/www.themoule.com\\\/#organization\",\"name\":\"Mo\u00fcle | Productora Audiovisual & Storytelling\",\"alternateName\":\"Moule films\",\"url\":\"https:\\\/\\\/www.themoule.com\\\/\",\"logo\":{\"@type\":\"ImageObject\",\"inLanguage\":\"en-US\",\"@id\":\"https:\\\/\\\/www.themoule.com\\\/#\\\/schema\\\/logo\\\/image\\\/\",\"url\":\"https:\\\/\\\/www.themoule.com\\\/wp-content\\\/uploads\\\/2023\\\/03\\\/moule_iconblack.png\",\"contentUrl\":\"https:\\\/\\\/www.themoule.com\\\/wp-content\\\/uploads\\\/2023\\\/03\\\/moule_iconblack.png\",\"width\":915,\"height\":935,\"caption\":\"Mo\u00fcle | Productora Audiovisual & Storytelling\"},\"image\":{\"@id\":\"https:\\\/\\\/www.themoule.com\\\/#\\\/schema\\\/logo\\\/image\\\/\"},\"sameAs\":[\"https:\\\/\\\/www.facebook.com\\\/moulepeople\",\"https:\\\/\\\/x.com\\\/moulepeople\",\"https:\\\/\\\/www.instagram.com\\\/moulepeople\\\/\",\"https:\\\/\\\/www.linkedin.com\\\/company\\\/moule\\\/?viewAsMember=true\",\"https:\\\/\\\/vimeo.com\\\/mouletv\"]}]}<\/script>\n<!-- \/ Yoast SEO plugin. -->","yoast_head_json":{"title":"PAGINA DE PROVA - Mo\u00fcle - Productora audiovisual independiente - Direcci\u00f3n Creativa - Direcci\u00f3n Ejecutiva","robots":{"index":"index","follow":"follow","max-snippet":"max-snippet:-1","max-image-preview":"max-image-preview:large","max-video-preview":"max-video-preview:-1"},"canonical":"https:\/\/www.themoule.com\/en\/pagina-de-prova\/","og_locale":"en_US","og_type":"article","og_title":"PAGINA DE PROVA - Mo\u00fcle - Productora audiovisual independiente - Direcci\u00f3n Creativa - Direcci\u00f3n Ejecutiva","og_description":"El significado de Moule es molde creatividad cine audiovisual cultura arte entretenimiento sostenibilidad solidaridad oportunidad comunidad Somos creativos so\u00f1adores cineastas productores UNA MIRADA PARA UNA MANERA DE SER Y ESTAR CINE DOCUMENTAL Nuestra visita en este planeta es&nbsp;ef\u00edmera, estamos aqu\u00ed durante un tiempo determinado. El planeta y habitantes son la sujeci\u00f3n que genera vida. Pero [&hellip;]","og_url":"https:\/\/www.themoule.com\/en\/pagina-de-prova\/","og_site_name":"Mo\u00fcle - Productora audiovisual independiente - Direcci\u00f3n Creativa - Direcci\u00f3n Ejecutiva","article_publisher":"https:\/\/www.facebook.com\/moulepeople","article_modified_time":"2025-10-28T18:11:46+00:00","og_image":[{"width":915,"height":935,"url":"https:\/\/www.themoule.com\/wp-content\/uploads\/2023\/03\/moule_iconblack.png","type":"image\/png"}],"twitter_card":"summary_large_image","twitter_site":"@moulepeople","twitter_misc":{"Est. reading time":"1 minute"},"schema":{"@context":"https:\/\/schema.org","@graph":[{"@type":"WebPage","@id":"https:\/\/www.themoule.com\/pagina-de-prova\/","url":"https:\/\/www.themoule.com\/pagina-de-prova\/","name":"PAGINA DE PROVA - Mo\u00fcle - Productora audiovisual independiente - Direcci\u00f3n Creativa - Direcci\u00f3n Ejecutiva","isPartOf":{"@id":"https:\/\/www.themoule.com\/#website"},"datePublished":"2025-10-28T17:56:31+00:00","dateModified":"2025-10-28T18:11:46+00:00","breadcrumb":{"@id":"https:\/\/www.themoule.com\/pagina-de-prova\/#breadcrumb"},"inLanguage":"en-US","potentialAction":[{"@type":"ReadAction","target":["https:\/\/www.themoule.com\/pagina-de-prova\/"]}]},{"@type":"BreadcrumbList","@id":"https:\/\/www.themoule.com\/pagina-de-prova\/#breadcrumb","itemListElement":[{"@type":"ListItem","position":1,"name":"Portada","item":"https:\/\/www.themoule.com\/"},{"@type":"ListItem","position":2,"name":"PAGINA DE PROVA"}]},{"@type":"WebSite","@id":"https:\/\/www.themoule.com\/#website","url":"https:\/\/www.themoule.com\/","name":"Mo\u00fcle | Productora Audiovisual & Storytelling","description":"Productora audiovisual creativa","publisher":{"@id":"https:\/\/www.themoule.com\/#organization"},"alternateName":"Moule productora","potentialAction":[{"@type":"SearchAction","target":{"@type":"EntryPoint","urlTemplate":"https:\/\/www.themoule.com\/?s={search_term_string}"},"query-input":{"@type":"PropertyValueSpecification","valueRequired":true,"valueName":"search_term_string"}}],"inLanguage":"en-US"},{"@type":"Organization","@id":"https:\/\/www.themoule.com\/#organization","name":"Mo\u00fcle | Productora Audiovisual & Storytelling","alternateName":"Moule films","url":"https:\/\/www.themoule.com\/","logo":{"@type":"ImageObject","inLanguage":"en-US","@id":"https:\/\/www.themoule.com\/#\/schema\/logo\/image\/","url":"https:\/\/www.themoule.com\/wp-content\/uploads\/2023\/03\/moule_iconblack.png","contentUrl":"https:\/\/www.themoule.com\/wp-content\/uploads\/2023\/03\/moule_iconblack.png","width":915,"height":935,"caption":"Mo\u00fcle | Productora Audiovisual & Storytelling"},"image":{"@id":"https:\/\/www.themoule.com\/#\/schema\/logo\/image\/"},"sameAs":["https:\/\/www.facebook.com\/moulepeople","https:\/\/x.com\/moulepeople","https:\/\/www.instagram.com\/moulepeople\/","https:\/\/www.linkedin.com\/company\/moule\/?viewAsMember=true","https:\/\/vimeo.com\/mouletv"]}]}},"_hostinger_reach_plugin_has_subscription_block":false,"_hostinger_reach_plugin_is_elementor":false,"_links":{"self":[{"href":"https:\/\/www.themoule.com\/en\/wp-json\/wp\/v2\/pages\/7696","targetHints":{"allow":["GET"]}}],"collection":[{"href":"https:\/\/www.themoule.com\/en\/wp-json\/wp\/v2\/pages"}],"about":[{"href":"https:\/\/www.themoule.com\/en\/wp-json\/wp\/v2\/types\/page"}],"author":[{"embeddable":true,"href":"https:\/\/www.themoule.com\/en\/wp-json\/wp\/v2\/users\/2"}],"replies":[{"embeddable":true,"href":"https:\/\/www.themoule.com\/en\/wp-json\/wp\/v2\/comments?post=7696"}],"version-history":[{"count":10,"href":"https:\/\/www.themoule.com\/en\/wp-json\/wp\/v2\/pages\/7696\/revisions"}],"predecessor-version":[{"id":7712,"href":"https:\/\/www.themoule.com\/en\/wp-json\/wp\/v2\/pages\/7696\/revisions\/7712"}],"wp:attachment":[{"href":"https:\/\/www.themoule.com\/en\/wp-json\/wp\/v2\/media?parent=7696"}],"curies":[{"name":"wp","href":"https:\/\/api.w.org\/{rel}","templated":true}]}}