{"id":452,"date":"2023-03-09T11:46:34","date_gmt":"2023-03-09T11:46:34","guid":{"rendered":"https:\/\/www.themoule.com\/?page_id=452"},"modified":"2023-03-09T12:34:31","modified_gmt":"2023-03-09T12:34:31","slug":"subcontrataciones","status":"publish","type":"page","link":"https:\/\/www.themoule.com\/en\/subcontrataciones\/","title":{"rendered":"Subcontrataciones"},"content":{"rendered":"\t\t<div data-elementor-type=\"wp-page\" data-elementor-id=\"452\" class=\"elementor elementor-452\" data-elementor-settings=\"{&quot;ha_cmc_init_switcher&quot;:&quot;no&quot;}\" data-elementor-post-type=\"page\">\n\t\t\t\t\t\t<section class=\"elementor-section elementor-top-section elementor-element elementor-element-219eefc elementor-section-full_width elementor-section-height-min-height elementor-section-content-middle elementor-section-stretched elementor-section-height-default elementor-section-items-middle\" data-id=\"219eefc\" data-element_type=\"section\" data-e-type=\"section\" data-settings=\"{&quot;stretch_section&quot;:&quot;section-stretched&quot;,&quot;_ha_eqh_enable&quot;:false}\">\n\t\t\t\t\t\t<div class=\"elementor-container elementor-column-gap-no\">\n\t\t\t\t\t<div class=\"elementor-column elementor-col-50 elementor-top-column elementor-element elementor-element-e6f67f6\" data-id=\"e6f67f6\" data-element_type=\"column\" data-e-type=\"column\" data-settings=\"{&quot;background_background&quot;:&quot;classic&quot;}\">\n\t\t\t<div class=\"elementor-widget-wrap elementor-element-populated\">\n\t\t\t\t\t\t<div class=\"elementor-element elementor-element-4cccc91 elementor-widget elementor-widget-heading\" data-id=\"4cccc91\" data-element_type=\"widget\" data-e-type=\"widget\" data-widget_type=\"heading.default\">\n\t\t\t\t\t<h2 class=\"elementor-heading-title elementor-size-default\">A\u00f1ade aqu\u00ed tu texto de cabecera<\/h2>\t\t\t\t<\/div>\n\t\t\t\t\t<\/div>\n\t\t<\/div>\n\t\t\t\t<div class=\"elementor-column elementor-col-50 elementor-top-column elementor-element elementor-element-910f807\" data-id=\"910f807\" data-element_type=\"column\" data-e-type=\"column\" data-settings=\"{&quot;background_background&quot;:&quot;classic&quot;}\">\n\t\t\t<div class=\"elementor-widget-wrap elementor-element-populated\">\n\t\t\t\t\t<div class=\"elementor-background-overlay\"><\/div>\n\t\t\t\t\t\t<div class=\"elementor-element elementor-element-0a16a7a elementor-widget elementor-widget-heading\" data-id=\"0a16a7a\" data-element_type=\"widget\" data-e-type=\"widget\" data-widget_type=\"heading.default\">\n\t\t\t\t\t<h2 class=\"elementor-heading-title elementor-size-default\">A\u00f1ade aqu\u00ed tu texto de cabecera<\/h2>\t\t\t\t<\/div>\n\t\t\t\t\t<\/div>\n\t\t<\/div>\n\t\t\t\t\t<\/div>\n\t\t<\/section>\n\t\t\t\t<section class=\"elementor-section elementor-top-section elementor-element elementor-element-44a14b6 elementor-section-boxed elementor-section-height-default elementor-section-height-default\" data-id=\"44a14b6\" data-element_type=\"section\" data-e-type=\"section\" data-settings=\"{&quot;_ha_eqh_enable&quot;:false}\">\n\t\t\t\t\t\t<div class=\"elementor-container elementor-column-gap-default\">\n\t\t\t\t\t<div class=\"elementor-column elementor-col-100 elementor-top-column elementor-element elementor-element-f46441f\" data-id=\"f46441f\" data-element_type=\"column\" data-e-type=\"column\">\n\t\t\t<div class=\"elementor-widget-wrap elementor-element-populated\">\n\t\t\t\t\t\t<div class=\"elementor-element elementor-element-e42e087 elementor-widget elementor-widget-spacer\" data-id=\"e42e087\" data-element_type=\"widget\" data-e-type=\"widget\" data-widget_type=\"spacer.default\">\n\t\t\t\t\t\t\t<div class=\"elementor-spacer\">\n\t\t\t<div class=\"elementor-spacer-inner\"><\/div>\n\t\t<\/div>\n\t\t\t\t\t\t<\/div>\n\t\t\t\t\t<\/div>\n\t\t<\/div>\n\t\t\t\t\t<\/div>\n\t\t<\/section>\n\t\t\t\t<section class=\"elementor-section elementor-top-section elementor-element elementor-element-be074aa elementor-section-boxed elementor-section-height-default elementor-section-height-default\" data-id=\"be074aa\" data-element_type=\"section\" data-e-type=\"section\" data-settings=\"{&quot;_ha_eqh_enable&quot;:false}\">\n\t\t\t\t\t\t<div class=\"elementor-container elementor-column-gap-default\">\n\t\t\t\t\t<div class=\"elementor-column elementor-col-50 elementor-top-column elementor-element elementor-element-a989936\" data-id=\"a989936\" data-element_type=\"column\" data-e-type=\"column\">\n\t\t\t<div class=\"elementor-widget-wrap elementor-element-populated\">\n\t\t\t\t\t\t<div class=\"elementor-element elementor-element-89b5fe2 elementor-widget elementor-widget-heading\" data-id=\"89b5fe2\" data-element_type=\"widget\" data-e-type=\"widget\" data-widget_type=\"heading.default\">\n\t\t\t\t\t<h2 class=\"elementor-heading-title elementor-size-default\">\u00bfFormamos equipo?<\/h2>\t\t\t\t<\/div>\n\t\t\t\t\t<\/div>\n\t\t<\/div>\n\t\t\t\t<div class=\"elementor-column elementor-col-50 elementor-top-column elementor-element elementor-element-47b21bb\" data-id=\"47b21bb\" data-element_type=\"column\" data-e-type=\"column\">\n\t\t\t<div class=\"elementor-widget-wrap elementor-element-populated\">\n\t\t\t\t\t\t<div class=\"elementor-element elementor-element-5d1a45e elementor-button-align-start elementor-widget elementor-widget-form\" data-id=\"5d1a45e\" data-element_type=\"widget\" data-e-type=\"widget\" data-settings=\"{&quot;step_next_label&quot;:&quot;Next&quot;,&quot;step_previous_label&quot;:&quot;Previous&quot;,&quot;button_width&quot;:&quot;100&quot;,&quot;step_type&quot;:&quot;number_text&quot;,&quot;step_icon_shape&quot;:&quot;circle&quot;}\" data-widget_type=\"form.default\">\n\t\t\t\t\t\t\t<form class=\"elementor-form\" method=\"post\" name=\"Contact us\" aria-label=\"Contact us\">\n\t\t\t<input type=\"hidden\" name=\"post_id\" value=\"452\"\/>\n\t\t\t<input type=\"hidden\" name=\"form_id\" value=\"5d1a45e\"\/>\n\t\t\t<input type=\"hidden\" name=\"referer_title\" value=\"Subcontrataciones - Mo\u00fcle - Productora audiovisual independiente - Direcci\u00f3n Creativa - Direcci\u00f3n Ejecutiva\" \/>\n\n\t\t\t\t\t\t\t<input type=\"hidden\" name=\"queried_id\" value=\"452\"\/>\n\t\t\t\n\t\t\t<div class=\"elementor-form-fields-wrapper elementor-labels-\">\n\t\t\t\t\t\t\t\t<div class=\"elementor-field-type-text elementor-field-group elementor-column elementor-field-group-name elementor-col-50\">\n\t\t\t\t\t\t\t\t\t\t\t\t<label for=\"form-field-name\" class=\"elementor-field-label elementor-screen-only\">\n\t\t\t\t\t\t\t\tNombre\t\t\t\t\t\t\t<\/label>\n\t\t\t\t\t\t\t\t\t\t\t\t\t\t<input size=\"1\" type=\"text\" name=\"form_fields[name]\" id=\"form-field-name\" class=\"elementor-field elementor-size-sm  elementor-field-textual\" placeholder=\"Nombre y Apellidos\">\n\t\t\t\t\t\t\t\t\t\t\t<\/div>\n\t\t\t\t\t\t\t\t<div class=\"elementor-field-type-email elementor-field-group elementor-column elementor-field-group-email elementor-col-50 elementor-field-required\">\n\t\t\t\t\t\t\t\t\t\t\t\t<label for=\"form-field-email\" class=\"elementor-field-label elementor-screen-only\">\n\t\t\t\t\t\t\t\tEmail\t\t\t\t\t\t\t<\/label>\n\t\t\t\t\t\t\t\t\t\t\t\t\t\t<input size=\"1\" type=\"email\" name=\"form_fields[email]\" id=\"form-field-email\" class=\"elementor-field elementor-size-sm  elementor-field-textual\" placeholder=\"Email\" required=\"required\">\n\t\t\t\t\t\t\t\t\t\t\t<\/div>\n\t\t\t\t\t\t\t\t<div class=\"elementor-field-type-textarea elementor-field-group elementor-column elementor-field-group-message elementor-col-100\">\n\t\t\t\t\t\t\t\t\t\t\t\t<label for=\"form-field-message\" class=\"elementor-field-label elementor-screen-only\">\n\t\t\t\t\t\t\t\tMensaje\t\t\t\t\t\t\t<\/label>\n\t\t\t\t\t\t<textarea class=\"elementor-field-textual elementor-field  elementor-size-sm\" name=\"form_fields[message]\" id=\"form-field-message\" rows=\"4\" placeholder=\"Mensaje\"><\/textarea>\t\t\t\t<\/div>\n\t\t\t\t\t\t\t\t<div class=\"elementor-field-type-acceptance elementor-field-group elementor-column elementor-field-group-field_7cb8c1c elementor-col-100 elementor-field-required\">\n\t\t\t\t\t\t\t\t\t\t\t\t<label for=\"form-field-field_7cb8c1c\" class=\"elementor-field-label elementor-screen-only\">\n\t\t\t\t\t\t\t\tPol\u00edtica de privacidad\t\t\t\t\t\t\t<\/label>\n\t\t\t\t\t\t\t\t<div class=\"elementor-field-subgroup\">\n\t\t\t<span class=\"elementor-field-option\">\n\t\t\t\t<input type=\"checkbox\" name=\"form_fields[field_7cb8c1c]\" id=\"form-field-field_7cb8c1c\" class=\"elementor-field elementor-size-sm  elementor-acceptance-field\" required=\"required\">\n\t\t\t\t<label for=\"form-field-field_7cb8c1c\">Si, he le\u00eddo y acepto la pol\u00edtica de privacidad.<\/label>\t\t\t<\/span>\n\t\t<\/div>\n\t\t\t\t\t\t<\/div>\n\t\t\t\t\t\t\t\t<div class=\"elementor-field-group elementor-column elementor-field-type-submit elementor-col-100 e-form__buttons\">\n\t\t\t\t\t<button class=\"elementor-button elementor-size-sm\" type=\"submit\">\n\t\t\t\t\t\t<span class=\"elementor-button-content-wrapper\">\n\t\t\t\t\t\t\t\t\t\t\t\t\t\t\t\t\t\t\t\t\t\t<span class=\"elementor-button-text\">Enviar mensaje<\/span>\n\t\t\t\t\t\t\t\t\t\t\t\t\t<\/span>\n\t\t\t\t\t<\/button>\n\t\t\t\t<\/div>\n\t\t\t<\/div>\n\t\t<\/form>\n\t\t\t\t\t\t<\/div>\n\t\t\t\t\t<\/div>\n\t\t<\/div>\n\t\t\t\t\t<\/div>\n\t\t<\/section>\n\t\t\t\t<section class=\"elementor-section elementor-top-section elementor-element elementor-element-ec60405 elementor-section-boxed elementor-section-height-default elementor-section-height-default\" data-id=\"ec60405\" data-element_type=\"section\" data-e-type=\"section\" data-settings=\"{&quot;_ha_eqh_enable&quot;:false}\">\n\t\t\t\t\t\t<div class=\"elementor-container elementor-column-gap-default\">\n\t\t\t\t\t<div class=\"elementor-column elementor-col-100 elementor-top-column elementor-element elementor-element-bb655e9\" data-id=\"bb655e9\" data-element_type=\"column\" data-e-type=\"column\">\n\t\t\t<div class=\"elementor-widget-wrap elementor-element-populated\">\n\t\t\t\t\t\t<div class=\"elementor-element elementor-element-31b81fe elementor-widget elementor-widget-spacer\" data-id=\"31b81fe\" data-element_type=\"widget\" data-e-type=\"widget\" data-widget_type=\"spacer.default\">\n\t\t\t\t\t\t\t<div class=\"elementor-spacer\">\n\t\t\t<div class=\"elementor-spacer-inner\"><\/div>\n\t\t<\/div>\n\t\t\t\t\t\t<\/div>\n\t\t\t\t\t<\/div>\n\t\t<\/div>\n\t\t\t\t\t<\/div>\n\t\t<\/section>\n\t\t\t\t<\/div>\n\t\t","protected":false},"excerpt":{"rendered":"<p>A\u00f1ade aqu\u00ed tu texto de cabecera A\u00f1ade aqu\u00ed tu texto de cabecera \u00bfFormamos equipo?<\/p>","protected":false},"author":2,"featured_media":0,"parent":0,"menu_order":0,"comment_status":"closed","ping_status":"closed","template":"elementor_header_footer","meta":{"footnotes":""},"class_list":["post-452","page","type-page","status-publish","hentry"],"yoast_head":"<!-- This site is optimized with the Yoast SEO plugin v27.4 - https:\/\/yoast.com\/product\/yoast-seo-wordpress\/ -->\n<title>Subcontrataciones - Mo\u00fcle - Productora audiovisual independiente - Direcci\u00f3n Creativa - Direcci\u00f3n Ejecutiva<\/title>\n<meta name=\"robots\" content=\"index, follow, max-snippet:-1, max-image-preview:large, max-video-preview:-1\" \/>\n<link rel=\"canonical\" href=\"https:\/\/www.themoule.com\/en\/subcontrataciones\/\" \/>\n<meta property=\"og:locale\" content=\"en_US\" \/>\n<meta property=\"og:type\" content=\"article\" \/>\n<meta property=\"og:title\" content=\"Subcontrataciones - Mo\u00fcle - Productora audiovisual independiente - Direcci\u00f3n Creativa - Direcci\u00f3n Ejecutiva\" \/>\n<meta property=\"og:description\" content=\"A\u00f1ade aqu\u00ed tu texto de cabecera A\u00f1ade aqu\u00ed tu texto de cabecera \u00bfFormamos equipo?\" \/>\n<meta property=\"og:url\" content=\"https:\/\/www.themoule.com\/en\/subcontrataciones\/\" \/>\n<meta property=\"og:site_name\" content=\"Mo\u00fcle - Productora audiovisual independiente - Direcci\u00f3n Creativa - Direcci\u00f3n Ejecutiva\" \/>\n<meta property=\"article:publisher\" content=\"https:\/\/www.facebook.com\/moulepeople\" \/>\n<meta property=\"article:modified_time\" content=\"2023-03-09T12:34:31+00:00\" \/>\n<meta property=\"og:image\" content=\"https:\/\/www.themoule.com\/wp-content\/uploads\/2023\/03\/moule_iconblack.png\" \/>\n\t<meta property=\"og:image:width\" content=\"915\" \/>\n\t<meta property=\"og:image:height\" content=\"935\" \/>\n\t<meta property=\"og:image:type\" content=\"image\/png\" \/>\n<meta name=\"twitter:card\" content=\"summary_large_image\" \/>\n<meta name=\"twitter:site\" content=\"@moulepeople\" \/>\n<script type=\"application\/ld+json\" class=\"yoast-schema-graph\">{\"@context\":\"https:\\\/\\\/schema.org\",\"@graph\":[{\"@type\":\"WebPage\",\"@id\":\"https:\\\/\\\/www.themoule.com\\\/subcontrataciones\\\/\",\"url\":\"https:\\\/\\\/www.themoule.com\\\/subcontrataciones\\\/\",\"name\":\"Subcontrataciones - Mo\u00fcle - Productora audiovisual independiente - Direcci\u00f3n Creativa - Direcci\u00f3n Ejecutiva\",\"isPartOf\":{\"@id\":\"https:\\\/\\\/www.themoule.com\\\/#website\"},\"datePublished\":\"2023-03-09T11:46:34+00:00\",\"dateModified\":\"2023-03-09T12:34:31+00:00\",\"breadcrumb\":{\"@id\":\"https:\\\/\\\/www.themoule.com\\\/subcontrataciones\\\/#breadcrumb\"},\"inLanguage\":\"en-US\",\"potentialAction\":[{\"@type\":\"ReadAction\",\"target\":[\"https:\\\/\\\/www.themoule.com\\\/subcontrataciones\\\/\"]}]},{\"@type\":\"BreadcrumbList\",\"@id\":\"https:\\\/\\\/www.themoule.com\\\/subcontrataciones\\\/#breadcrumb\",\"itemListElement\":[{\"@type\":\"ListItem\",\"position\":1,\"name\":\"Portada\",\"item\":\"https:\\\/\\\/www.themoule.com\\\/\"},{\"@type\":\"ListItem\",\"position\":2,\"name\":\"Subcontrataciones\"}]},{\"@type\":\"WebSite\",\"@id\":\"https:\\\/\\\/www.themoule.com\\\/#website\",\"url\":\"https:\\\/\\\/www.themoule.com\\\/\",\"name\":\"Mo\u00fcle | Productora Audiovisual & Storytelling\",\"description\":\"Productora audiovisual creativa\",\"publisher\":{\"@id\":\"https:\\\/\\\/www.themoule.com\\\/#organization\"},\"alternateName\":\"Moule productora\",\"potentialAction\":[{\"@type\":\"SearchAction\",\"target\":{\"@type\":\"EntryPoint\",\"urlTemplate\":\"https:\\\/\\\/www.themoule.com\\\/?s={search_term_string}\"},\"query-input\":{\"@type\":\"PropertyValueSpecification\",\"valueRequired\":true,\"valueName\":\"search_term_string\"}}],\"inLanguage\":\"en-US\"},{\"@type\":\"Organization\",\"@id\":\"https:\\\/\\\/www.themoule.com\\\/#organization\",\"name\":\"Mo\u00fcle | Productora Audiovisual & Storytelling\",\"alternateName\":\"Moule films\",\"url\":\"https:\\\/\\\/www.themoule.com\\\/\",\"logo\":{\"@type\":\"ImageObject\",\"inLanguage\":\"en-US\",\"@id\":\"https:\\\/\\\/www.themoule.com\\\/#\\\/schema\\\/logo\\\/image\\\/\",\"url\":\"https:\\\/\\\/www.themoule.com\\\/wp-content\\\/uploads\\\/2023\\\/03\\\/moule_iconblack.png\",\"contentUrl\":\"https:\\\/\\\/www.themoule.com\\\/wp-content\\\/uploads\\\/2023\\\/03\\\/moule_iconblack.png\",\"width\":915,\"height\":935,\"caption\":\"Mo\u00fcle | Productora Audiovisual & Storytelling\"},\"image\":{\"@id\":\"https:\\\/\\\/www.themoule.com\\\/#\\\/schema\\\/logo\\\/image\\\/\"},\"sameAs\":[\"https:\\\/\\\/www.facebook.com\\\/moulepeople\",\"https:\\\/\\\/x.com\\\/moulepeople\",\"https:\\\/\\\/www.instagram.com\\\/moulepeople\\\/\",\"https:\\\/\\\/www.linkedin.com\\\/company\\\/moule\\\/?viewAsMember=true\",\"https:\\\/\\\/vimeo.com\\\/mouletv\"]}]}<\/script>\n<!-- \/ Yoast SEO plugin. -->","yoast_head_json":{"title":"Subcontrataciones - Mo\u00fcle - Productora audiovisual independiente - Direcci\u00f3n Creativa - Direcci\u00f3n Ejecutiva","robots":{"index":"index","follow":"follow","max-snippet":"max-snippet:-1","max-image-preview":"max-image-preview:large","max-video-preview":"max-video-preview:-1"},"canonical":"https:\/\/www.themoule.com\/en\/subcontrataciones\/","og_locale":"en_US","og_type":"article","og_title":"Subcontrataciones - Mo\u00fcle - Productora audiovisual independiente - Direcci\u00f3n Creativa - Direcci\u00f3n Ejecutiva","og_description":"A\u00f1ade aqu\u00ed tu texto de cabecera A\u00f1ade aqu\u00ed tu texto de cabecera \u00bfFormamos equipo?","og_url":"https:\/\/www.themoule.com\/en\/subcontrataciones\/","og_site_name":"Mo\u00fcle - Productora audiovisual independiente - Direcci\u00f3n Creativa - Direcci\u00f3n Ejecutiva","article_publisher":"https:\/\/www.facebook.com\/moulepeople","article_modified_time":"2023-03-09T12:34:31+00:00","og_image":[{"width":915,"height":935,"url":"https:\/\/www.themoule.com\/wp-content\/uploads\/2023\/03\/moule_iconblack.png","type":"image\/png"}],"twitter_card":"summary_large_image","twitter_site":"@moulepeople","schema":{"@context":"https:\/\/schema.org","@graph":[{"@type":"WebPage","@id":"https:\/\/www.themoule.com\/subcontrataciones\/","url":"https:\/\/www.themoule.com\/subcontrataciones\/","name":"Subcontrataciones - Mo\u00fcle - Productora audiovisual independiente - Direcci\u00f3n Creativa - Direcci\u00f3n Ejecutiva","isPartOf":{"@id":"https:\/\/www.themoule.com\/#website"},"datePublished":"2023-03-09T11:46:34+00:00","dateModified":"2023-03-09T12:34:31+00:00","breadcrumb":{"@id":"https:\/\/www.themoule.com\/subcontrataciones\/#breadcrumb"},"inLanguage":"en-US","potentialAction":[{"@type":"ReadAction","target":["https:\/\/www.themoule.com\/subcontrataciones\/"]}]},{"@type":"BreadcrumbList","@id":"https:\/\/www.themoule.com\/subcontrataciones\/#breadcrumb","itemListElement":[{"@type":"ListItem","position":1,"name":"Portada","item":"https:\/\/www.themoule.com\/"},{"@type":"ListItem","position":2,"name":"Subcontrataciones"}]},{"@type":"WebSite","@id":"https:\/\/www.themoule.com\/#website","url":"https:\/\/www.themoule.com\/","name":"Mo\u00fcle | Productora Audiovisual & Storytelling","description":"Productora audiovisual creativa","publisher":{"@id":"https:\/\/www.themoule.com\/#organization"},"alternateName":"Moule productora","potentialAction":[{"@type":"SearchAction","target":{"@type":"EntryPoint","urlTemplate":"https:\/\/www.themoule.com\/?s={search_term_string}"},"query-input":{"@type":"PropertyValueSpecification","valueRequired":true,"valueName":"search_term_string"}}],"inLanguage":"en-US"},{"@type":"Organization","@id":"https:\/\/www.themoule.com\/#organization","name":"Mo\u00fcle | Productora Audiovisual & Storytelling","alternateName":"Moule films","url":"https:\/\/www.themoule.com\/","logo":{"@type":"ImageObject","inLanguage":"en-US","@id":"https:\/\/www.themoule.com\/#\/schema\/logo\/image\/","url":"https:\/\/www.themoule.com\/wp-content\/uploads\/2023\/03\/moule_iconblack.png","contentUrl":"https:\/\/www.themoule.com\/wp-content\/uploads\/2023\/03\/moule_iconblack.png","width":915,"height":935,"caption":"Mo\u00fcle | Productora Audiovisual & Storytelling"},"image":{"@id":"https:\/\/www.themoule.com\/#\/schema\/logo\/image\/"},"sameAs":["https:\/\/www.facebook.com\/moulepeople","https:\/\/x.com\/moulepeople","https:\/\/www.instagram.com\/moulepeople\/","https:\/\/www.linkedin.com\/company\/moule\/?viewAsMember=true","https:\/\/vimeo.com\/mouletv"]}]}},"_hostinger_reach_plugin_has_subscription_block":false,"_hostinger_reach_plugin_is_elementor":false,"_links":{"self":[{"href":"https:\/\/www.themoule.com\/en\/wp-json\/wp\/v2\/pages\/452","targetHints":{"allow":["GET"]}}],"collection":[{"href":"https:\/\/www.themoule.com\/en\/wp-json\/wp\/v2\/pages"}],"about":[{"href":"https:\/\/www.themoule.com\/en\/wp-json\/wp\/v2\/types\/page"}],"author":[{"embeddable":true,"href":"https:\/\/www.themoule.com\/en\/wp-json\/wp\/v2\/users\/2"}],"replies":[{"embeddable":true,"href":"https:\/\/www.themoule.com\/en\/wp-json\/wp\/v2\/comments?post=452"}],"version-history":[{"count":85,"href":"https:\/\/www.themoule.com\/en\/wp-json\/wp\/v2\/pages\/452\/revisions"}],"predecessor-version":[{"id":557,"href":"https:\/\/www.themoule.com\/en\/wp-json\/wp\/v2\/pages\/452\/revisions\/557"}],"wp:attachment":[{"href":"https:\/\/www.themoule.com\/en\/wp-json\/wp\/v2\/media?parent=452"}],"curies":[{"name":"wp","href":"https:\/\/api.w.org\/{rel}","templated":true}]}}