{"id":310,"date":"2023-01-22T08:16:48","date_gmt":"2023-01-22T08:16:48","guid":{"rendered":"https:\/\/www.themoule.com\/?page_id=310"},"modified":"2026-03-01T15:57:11","modified_gmt":"2026-03-01T15:57:11","slug":"aviso-legal","status":"publish","type":"page","link":"https:\/\/www.themoule.com\/en\/aviso-legal\/","title":{"rendered":"Legal Notice"},"content":{"rendered":"<div data-elementor-type=\"wp-page\" data-elementor-id=\"310\" class=\"elementor elementor-310\" data-elementor-settings=\"{&quot;ha_cmc_init_switcher&quot;:&quot;no&quot;}\" data-elementor-post-type=\"page\">\n\t\t\t\t\t\t<section class=\"elementor-section elementor-top-section elementor-element elementor-element-4b45282 elementor-section-boxed elementor-section-height-default elementor-section-height-default\" data-id=\"4b45282\" data-element_type=\"section\" data-e-type=\"section\" data-settings=\"{&quot;background_background&quot;:&quot;classic&quot;,&quot;_ha_eqh_enable&quot;:false}\">\n\t\t\t\t\t\t<div class=\"elementor-container elementor-column-gap-default\">\n\t\t\t\t\t<div class=\"elementor-column elementor-col-100 elementor-top-column elementor-element elementor-element-7ddadf84\" data-id=\"7ddadf84\" data-element_type=\"column\" data-e-type=\"column\">\n\t\t\t<div class=\"elementor-widget-wrap elementor-element-populated\">\n\t\t\t\t\t\t<div class=\"elementor-element elementor-element-5763449e elementor-widget elementor-widget-spacer\" data-id=\"5763449e\" data-element_type=\"widget\" data-e-type=\"widget\" data-widget_type=\"spacer.default\">\n\t\t\t\t\t\t\t<div class=\"elementor-spacer\">\n\t\t\t<div class=\"elementor-spacer-inner\"><\/div>\n\t\t<\/div>\n\t\t\t\t\t\t<\/div>\n\t\t\t\t<div class=\"elementor-element elementor-element-385bde72 elementor-widget elementor-widget-heading\" data-id=\"385bde72\" data-element_type=\"widget\" data-e-type=\"widget\" data-widget_type=\"heading.default\">\n\t\t\t\t\t<h2 class=\"elementor-heading-title elementor-size-default\">Aviso Legal<\/h2>\t\t\t\t<\/div>\n\t\t\t\t<div class=\"elementor-element elementor-element-f748503 elementor-widget elementor-widget-text-editor\" data-id=\"f748503\" data-element_type=\"widget\" data-e-type=\"widget\" data-widget_type=\"text-editor.default\">\n\t\t\t\t\t\t\t\t\t<div id=\"model-response-message-contentr_5642ff2e6f00ecb3\" class=\"markdown markdown-main-panel enable-updated-hr-color preserve-whitespaces-in-response\" dir=\"ltr\" aria-live=\"polite\" aria-busy=\"false\"><hr data-path-to-node=\"4\" \/><h3 data-path-to-node=\"7\">1. Datos Identificativos<\/h3><p data-path-to-node=\"8\">En cumplimiento con el deber de informaci\u00f3n recogido en el art\u00edculo 10 de la <b data-path-to-node=\"8\" data-index-in-node=\"77\">Ley 34\/2002, de 11 de julio, de Servicios de la Sociedad de la Informaci\u00f3n y del Comercio Electr\u00f3nico (LSSI-CE)<\/b>, a continuaci\u00f3n se reflejan los siguientes datos:<\/p><ul data-path-to-node=\"9\"><li><p data-path-to-node=\"9,0,0\"><b data-path-to-node=\"9,0,0\" data-index-in-node=\"0\">Titular:<\/b> Busto and Moule SCP (en adelante, \u00abMo\u00fcle\u00bb)<\/p><\/li><li><p data-path-to-node=\"9,1,0\"><b data-path-to-node=\"9,1,0\" data-index-in-node=\"0\">NIF:<\/b> J06874002<\/p><\/li><li><p data-path-to-node=\"9,2,0\"><b data-path-to-node=\"9,2,0\" data-index-in-node=\"0\">Domicilio Social:<\/b> C\/ Canovas 69, 43870, Amposta (Tarragona)<\/p><\/li><li><p data-path-to-node=\"9,3,0\"><b data-path-to-node=\"9,3,0\" data-index-in-node=\"0\">Correo electr\u00f3nico:<\/b> info@themoule.com<\/p><\/li><li><p data-path-to-node=\"9,4,0\"><b data-path-to-node=\"9,4,0\" data-index-in-node=\"0\">Sitio Web:<\/b> <a class=\"ng-star-inserted\" href=\"https:\/\/www.themoule.com\/en\/\" target=\"_blank\" rel=\"noopener\">https:\/\/themoule.com<\/a><\/p><\/li><\/ul><h3 data-path-to-node=\"10\">2. Usuarios<\/h3><p data-path-to-node=\"11\">El acceso y\/o uso de este portal de <b data-path-to-node=\"11\" data-index-in-node=\"36\">Mo\u00fcle<\/b> atribuye la condici\u00f3n de <b data-path-to-node=\"11\" data-index-in-node=\"67\">USUARIO<\/b>, que acepta, desde dicho acceso y\/o uso, las Condiciones Generales de Uso aqu\u00ed reflejadas. Las citadas Condiciones ser\u00e1n de aplicaci\u00f3n independientemente de las Condiciones Generales de Contrataci\u00f3n que en su caso resulten de obligado cumplimiento.<\/p><h3 data-path-to-node=\"12\">3. Uso del Portal<\/h3><p data-path-to-node=\"13\">El sitio web <a class=\"ng-star-inserted\" href=\"https:\/\/www.themoule.com\/en\/\" target=\"_blank\" rel=\"noopener\">https:\/\/themoule.com<\/a> proporciona el acceso a multitud de informaciones, servicios, programas o datos (en adelante, \u00ablos contenidos\u00bb) en Internet pertenecientes a <b data-path-to-node=\"13\" data-index-in-node=\"179\">Mo\u00fcle<\/b> o a sus licenciantes a los que el USUARIO pueda tener acceso.<\/p><p data-path-to-node=\"14\">El USUARIO asume la responsabilidad del uso del portal. Dicha responsabilidad se extiende al registro que fuese necesario para acceder a determinados servicios o contenidos. En dicho registro el USUARIO ser\u00e1 responsable de aportar informaci\u00f3n veraz y l\u00edcita.<\/p><p data-path-to-node=\"15\">El USUARIO se compromete a hacer un uso adecuado de los contenidos y servicios que <b data-path-to-node=\"15\" data-index-in-node=\"83\">Mo\u00fcle<\/b> ofrece a trav\u00e9s de su portal y con car\u00e1cter enunciativo pero no limitativo, a no emplearlos para:<\/p><ul data-path-to-node=\"16\"><li><p data-path-to-node=\"16,0,0\">(i) Incurrir en actividades il\u00edcitas, ilegales o contrarias a la buena fe y al orden p\u00fablico.<\/p><\/li><li><p data-path-to-node=\"16,1,0\">(ii) Difundir contenidos o propaganda de car\u00e1cter racista, xen\u00f3fobo, pornogr\u00e1fico-ilegal, de apolog\u00eda del terrorismo o atentatorio contra los derechos humanos.<\/p><\/li><li><p data-path-to-node=\"16,2,0\">(iii) Provocar da\u00f1os en los sistemas f\u00edsicos y l\u00f3gicos de <b data-path-to-node=\"16,2,0\" data-index-in-node=\"58\">Mo\u00fcle<\/b>, de sus proveedores o de terceras personas, introducir o difundir en la red virus inform\u00e1ticos o cualesquiera otros sistemas f\u00edsicos o l\u00f3gicos que sean susceptibles de provocar los da\u00f1os anteriormente mencionados.<\/p><\/li><\/ul><h3 data-path-to-node=\"17\">4. Propiedad Intelectual e Industrial<\/h3><p data-path-to-node=\"18\"><b data-path-to-node=\"18\" data-index-in-node=\"0\">Mo\u00fcle<\/b> por s\u00ed o como cesionaria, es titular de todos los derechos de propiedad intelectual e industrial de su p\u00e1gina web, as\u00ed como de los elementos contenidos en la misma (a t\u00edtulo enunciativo: im\u00e1genes, sonido, audio, v\u00eddeo, software o textos; marcas o logotipos, combinaciones de colores, estructura y dise\u00f1o, selecci\u00f3n de materiales usados, programas de ordenador necesarios para su funcionamiento, acceso y uso, etc.).<\/p><p data-path-to-node=\"19\"><b data-path-to-node=\"19\" data-index-in-node=\"0\">Todos los derechos reservados.<\/b> En virtud de lo dispuesto en la Ley de Propiedad Intelectual, quedan expresamente prohibidas la reproducci\u00f3n, la distribuci\u00f3n y la comunicaci\u00f3n p\u00fablica, incluida su modalidad de puesta a disposici\u00f3n, de la totalidad o parte de los contenidos de esta p\u00e1gina web, con fines comerciales, en cualquier soporte y por cualquier medio t\u00e9cnico, sin la autorizaci\u00f3n de <b data-path-to-node=\"19\" data-index-in-node=\"391\">Mo\u00fcle<\/b>.<\/p><p data-path-to-node=\"20\">El USUARIO podr\u00e1 visualizar los elementos del portal e incluso imprimirlos, copiarlos y almacenarlos en el disco duro de su ordenador o en cualquier otro soporte f\u00edsico siempre y cuando sea, \u00fanica y exclusivamente, para su <b data-path-to-node=\"20\" data-index-in-node=\"223\">uso personal y privado<\/b>.<\/p><h3 data-path-to-node=\"21\">5. Exclusi\u00f3n de Garant\u00edas y Responsabilidad<\/h3><p data-path-to-node=\"22\"><b data-path-to-node=\"22\" data-index-in-node=\"0\">Mo\u00fcle<\/b> no se hace responsable, en ning\u00fan caso, de los da\u00f1os y perjuicios de cualquier naturaleza que pudieran ocasionar, a t\u00edtulo enunciativo: errores u omisiones en los contenidos, falta de disponibilidad del portal o la transmisi\u00f3n de virus o programas maliciosos o lesivos en los contenidos, a pesar de haber adoptado todas las medidas tecnol\u00f3gicas necesarias para evitarlo.<\/p><h3 data-path-to-node=\"23\">6. Modificaciones<\/h3><p data-path-to-node=\"24\"><b data-path-to-node=\"24\" data-index-in-node=\"0\">Mo\u00fcle<\/b> se reserva el derecho de efectuar sin previo aviso las modificaciones que considere oportunas en su portal, pudiendo cambiar, suprimir o a\u00f1adir tanto los contenidos y servicios que se presten a trav\u00e9s de la misma como la forma en la que \u00e9stos aparezcan presentados o localizados en su portal.<\/p><h3 data-path-to-node=\"25\">7. Enlaces<\/h3><p data-path-to-node=\"26\">En el caso de que en <a class=\"ng-star-inserted\" href=\"https:\/\/www.themoule.com\/en\/\" target=\"_blank\" rel=\"noopener\">https:\/\/themoule.com<\/a> se dispusiesen enlaces o hiperv\u00ednculos hac\u00eda otros sitios de Internet, <b data-path-to-node=\"26\" data-index-in-node=\"117\">Mo\u00fcle<\/b> no ejercer\u00e1 ning\u00fan tipo de control sobre dichos sitios y contenidos. En ning\u00fan caso <b data-path-to-node=\"26\" data-index-in-node=\"207\">Mo\u00fcle<\/b> asumir\u00e1 responsabilidad alguna por los contenidos de alg\u00fan enlace perteneciente a un sitio web ajeno, ni garantizar\u00e1 la disponibilidad t\u00e9cnica, calidad, fiabilidad, exactitud, amplitud, veracidad, validez y constitucionalidad de cualquier material o informaci\u00f3n contenida en ninguno de dichos hiperv\u00ednculos u otros sitios de Internet.<\/p><h3 data-path-to-node=\"27\">8. Derecho de Exclusi\u00f3n<\/h3><p data-path-to-node=\"28\"><b data-path-to-node=\"28\" data-index-in-node=\"0\">Mo\u00fcle<\/b> se reserva el derecho a denegar o retirar el acceso a portal y\/o los servicios ofrecidos sin necesidad de preaviso, a instancia propia o de un tercero, a aquellos usuarios que incumplan las presentes Condiciones Generales de Uso.<\/p><h3 data-path-to-node=\"29\">9. Generalidades<\/h3><p data-path-to-node=\"30\"><b data-path-to-node=\"30\" data-index-in-node=\"0\">Mo\u00fcle<\/b> perseguir\u00e1 el incumplimiento de las presentes condiciones as\u00ed como cualquier utilizaci\u00f3n indebida de su portal ejerciendo todas las acciones civiles y penales que le puedan corresponder en derecho.<\/p><h3 data-path-to-node=\"31\">10. Legislaci\u00f3n Aplicable y Jurisdicci\u00f3n<\/h3><p data-path-to-node=\"32\">La relaci\u00f3n entre <b data-path-to-node=\"32\" data-index-in-node=\"18\">Mo\u00fcle<\/b> y el USUARIO se regir\u00e1 por la normativa espa\u00f1ola vigente.<\/p><p data-path-to-node=\"33\">Para la resoluci\u00f3n de cualquier conflicto que pudiera surgir con motivo de la visita al portal o del uso de sus servicios, <b data-path-to-node=\"33\" data-index-in-node=\"123\">Mo\u00fcle<\/b> y el USUARIO acuerdan someterse a los Jueces y Tribunales de <b data-path-to-node=\"33\" data-index-in-node=\"190\">Amposta (Tarragona)<\/b>, renunciando expresamente a cualquier otro fuero que pudiera corresponderles, salvo que la Ley aplicable disponga imperativamente otra cosa (como en el caso de consumidores finales).<\/p><hr data-path-to-node=\"34\" \/><p data-path-to-node=\"36,3,0\">\u00a0<\/p><\/div>\t\t\t\t\t\t\t\t<\/div>\n\t\t\t\t<div class=\"elementor-element elementor-element-282a3747 elementor-widget elementor-widget-spacer\" data-id=\"282a3747\" data-element_type=\"widget\" data-e-type=\"widget\" data-widget_type=\"spacer.default\">\n\t\t\t\t\t\t\t<div class=\"elementor-spacer\">\n\t\t\t<div class=\"elementor-spacer-inner\"><\/div>\n\t\t<\/div>\n\t\t\t\t\t\t<\/div>\n\t\t\t\t\t<\/div>\n\t\t<\/div>\n\t\t\t\t\t<\/div>\n\t\t<\/section>\n\t\t\t\t<\/div>","protected":false},"excerpt":{"rendered":"<p>Aviso Legal 1. Datos Identificativos En cumplimiento con el deber de informaci\u00f3n recogido en el art\u00edculo 10 de la Ley 34\/2002, de 11 de julio, de Servicios de la Sociedad de la Informaci\u00f3n y del Comercio Electr\u00f3nico (LSSI-CE), a continuaci\u00f3n se reflejan los siguientes datos: Titular: Busto and Moule SCP (en adelante, \u00abMo\u00fcle\u00bb) NIF: J06874002 [&hellip;]<\/p>\n","protected":false},"author":2,"featured_media":169,"parent":0,"menu_order":0,"comment_status":"closed","ping_status":"closed","template":"elementor_header_footer","meta":{"footnotes":""},"class_list":["post-310","page","type-page","status-publish","has-post-thumbnail","hentry"],"yoast_head":"<!-- This site is optimized with the Yoast SEO plugin v27.6 - https:\/\/yoast.com\/product\/yoast-seo-wordpress\/ -->\n<title>Aviso legal - Mo\u00fcle - Productora audiovisual independiente - Direcci\u00f3n Creativa - Direcci\u00f3n Ejecutiva<\/title>\n<meta name=\"description\" content=\"Aviso legal productora audiovisual Moule. Productora recomendada en Espa\u00f1a. Producci\u00f3n de cine y televisi\u00f3n.\" \/>\n<meta name=\"robots\" content=\"index, nofollow, max-snippet:-1, max-image-preview:large, max-video-preview:-1\" \/>\n<link rel=\"canonical\" href=\"https:\/\/www.themoule.com\/en\/aviso-legal\/\" \/>\n<meta property=\"og:locale\" content=\"en_US\" \/>\n<meta property=\"og:type\" content=\"article\" \/>\n<meta property=\"og:title\" content=\"Aviso legal - Mo\u00fcle - Productora audiovisual independiente - Direcci\u00f3n Creativa - Direcci\u00f3n Ejecutiva\" \/>\n<meta property=\"og:description\" content=\"Aviso legal productora audiovisual Moule. Productora recomendada en Espa\u00f1a. Producci\u00f3n de cine y televisi\u00f3n.\" \/>\n<meta property=\"og:url\" content=\"https:\/\/www.themoule.com\/en\/aviso-legal\/\" \/>\n<meta property=\"og:site_name\" content=\"Mo\u00fcle - Productora audiovisual independiente - Direcci\u00f3n Creativa - Direcci\u00f3n Ejecutiva\" \/>\n<meta property=\"article:publisher\" content=\"https:\/\/www.facebook.com\/moulepeople\" \/>\n<meta property=\"article:modified_time\" content=\"2026-03-01T15:57:11+00:00\" \/>\n<meta property=\"og:image\" content=\"https:\/\/www.themoule.com\/wp-content\/uploads\/2021\/03\/fondo-3.png\" \/>\n\t<meta property=\"og:image:width\" content=\"1920\" \/>\n\t<meta property=\"og:image:height\" content=\"1080\" \/>\n\t<meta property=\"og:image:type\" content=\"image\/png\" \/>\n<meta name=\"twitter:card\" content=\"summary_large_image\" \/>\n<meta name=\"twitter:site\" content=\"@moulepeople\" \/>\n<meta name=\"twitter:label1\" content=\"Est. reading time\" \/>\n\t<meta name=\"twitter:data1\" content=\"4 minutes\" \/>\n<script type=\"application\/ld+json\" class=\"yoast-schema-graph\">{\"@context\":\"https:\\\/\\\/schema.org\",\"@graph\":[{\"@type\":\"WebPage\",\"@id\":\"https:\\\/\\\/www.themoule.com\\\/aviso-legal\\\/\",\"url\":\"https:\\\/\\\/www.themoule.com\\\/aviso-legal\\\/\",\"name\":\"Aviso legal - Mo\u00fcle - Productora audiovisual independiente - Direcci\u00f3n Creativa - Direcci\u00f3n Ejecutiva\",\"isPartOf\":{\"@id\":\"https:\\\/\\\/www.themoule.com\\\/#website\"},\"primaryImageOfPage\":{\"@id\":\"https:\\\/\\\/www.themoule.com\\\/aviso-legal\\\/#primaryimage\"},\"image\":{\"@id\":\"https:\\\/\\\/www.themoule.com\\\/aviso-legal\\\/#primaryimage\"},\"thumbnailUrl\":\"https:\\\/\\\/www.themoule.com\\\/wp-content\\\/uploads\\\/2021\\\/03\\\/fondo-3.png\",\"datePublished\":\"2023-01-22T08:16:48+00:00\",\"dateModified\":\"2026-03-01T15:57:11+00:00\",\"description\":\"Aviso legal productora audiovisual Moule. Productora recomendada en Espa\u00f1a. Producci\u00f3n de cine y televisi\u00f3n.\",\"breadcrumb\":{\"@id\":\"https:\\\/\\\/www.themoule.com\\\/aviso-legal\\\/#breadcrumb\"},\"inLanguage\":\"en-US\",\"potentialAction\":[{\"@type\":\"ReadAction\",\"target\":[\"https:\\\/\\\/www.themoule.com\\\/aviso-legal\\\/\"]}]},{\"@type\":\"ImageObject\",\"inLanguage\":\"en-US\",\"@id\":\"https:\\\/\\\/www.themoule.com\\\/aviso-legal\\\/#primaryimage\",\"url\":\"https:\\\/\\\/www.themoule.com\\\/wp-content\\\/uploads\\\/2021\\\/03\\\/fondo-3.png\",\"contentUrl\":\"https:\\\/\\\/www.themoule.com\\\/wp-content\\\/uploads\\\/2021\\\/03\\\/fondo-3.png\",\"width\":1920,\"height\":1080,\"caption\":\"Aviso legal moule\"},{\"@type\":\"BreadcrumbList\",\"@id\":\"https:\\\/\\\/www.themoule.com\\\/aviso-legal\\\/#breadcrumb\",\"itemListElement\":[{\"@type\":\"ListItem\",\"position\":1,\"name\":\"Portada\",\"item\":\"https:\\\/\\\/www.themoule.com\\\/\"},{\"@type\":\"ListItem\",\"position\":2,\"name\":\"Aviso legal\"}]},{\"@type\":\"WebSite\",\"@id\":\"https:\\\/\\\/www.themoule.com\\\/#website\",\"url\":\"https:\\\/\\\/www.themoule.com\\\/\",\"name\":\"Mo\u00fcle | Productora Audiovisual & Storytelling\",\"description\":\"Productora audiovisual creativa\",\"publisher\":{\"@id\":\"https:\\\/\\\/www.themoule.com\\\/#organization\"},\"alternateName\":\"Moule productora\",\"potentialAction\":[{\"@type\":\"SearchAction\",\"target\":{\"@type\":\"EntryPoint\",\"urlTemplate\":\"https:\\\/\\\/www.themoule.com\\\/?s={search_term_string}\"},\"query-input\":{\"@type\":\"PropertyValueSpecification\",\"valueRequired\":true,\"valueName\":\"search_term_string\"}}],\"inLanguage\":\"en-US\"},{\"@type\":\"Organization\",\"@id\":\"https:\\\/\\\/www.themoule.com\\\/#organization\",\"name\":\"Mo\u00fcle | Productora Audiovisual & Storytelling\",\"alternateName\":\"Moule films\",\"url\":\"https:\\\/\\\/www.themoule.com\\\/\",\"logo\":{\"@type\":\"ImageObject\",\"inLanguage\":\"en-US\",\"@id\":\"https:\\\/\\\/www.themoule.com\\\/#\\\/schema\\\/logo\\\/image\\\/\",\"url\":\"https:\\\/\\\/www.themoule.com\\\/wp-content\\\/uploads\\\/2023\\\/03\\\/moule_iconblack.png\",\"contentUrl\":\"https:\\\/\\\/www.themoule.com\\\/wp-content\\\/uploads\\\/2023\\\/03\\\/moule_iconblack.png\",\"width\":915,\"height\":935,\"caption\":\"Mo\u00fcle | Productora Audiovisual & Storytelling\"},\"image\":{\"@id\":\"https:\\\/\\\/www.themoule.com\\\/#\\\/schema\\\/logo\\\/image\\\/\"},\"sameAs\":[\"https:\\\/\\\/www.facebook.com\\\/moulepeople\",\"https:\\\/\\\/x.com\\\/moulepeople\",\"https:\\\/\\\/www.instagram.com\\\/moulepeople\\\/\",\"https:\\\/\\\/www.linkedin.com\\\/company\\\/moule\\\/?viewAsMember=true\",\"https:\\\/\\\/vimeo.com\\\/mouletv\"]}]}<\/script>\n<!-- \/ Yoast SEO plugin. -->","yoast_head_json":{"title":"Aviso legal - Mo\u00fcle - Productora audiovisual independiente - Direcci\u00f3n Creativa - Direcci\u00f3n Ejecutiva","description":"Aviso legal productora audiovisual Moule. Productora recomendada en Espa\u00f1a. Producci\u00f3n de cine y televisi\u00f3n.","robots":{"index":"index","follow":"nofollow","max-snippet":"max-snippet:-1","max-image-preview":"max-image-preview:large","max-video-preview":"max-video-preview:-1"},"canonical":"https:\/\/www.themoule.com\/en\/aviso-legal\/","og_locale":"en_US","og_type":"article","og_title":"Aviso legal - Mo\u00fcle - Productora audiovisual independiente - Direcci\u00f3n Creativa - Direcci\u00f3n Ejecutiva","og_description":"Aviso legal productora audiovisual Moule. Productora recomendada en Espa\u00f1a. Producci\u00f3n de cine y televisi\u00f3n.","og_url":"https:\/\/www.themoule.com\/en\/aviso-legal\/","og_site_name":"Mo\u00fcle - Productora audiovisual independiente - Direcci\u00f3n Creativa - Direcci\u00f3n Ejecutiva","article_publisher":"https:\/\/www.facebook.com\/moulepeople","article_modified_time":"2026-03-01T15:57:11+00:00","og_image":[{"width":1920,"height":1080,"url":"https:\/\/www.themoule.com\/wp-content\/uploads\/2021\/03\/fondo-3.png","type":"image\/png"}],"twitter_card":"summary_large_image","twitter_site":"@moulepeople","twitter_misc":{"Est. reading time":"4 minutes"},"schema":{"@context":"https:\/\/schema.org","@graph":[{"@type":"WebPage","@id":"https:\/\/www.themoule.com\/aviso-legal\/","url":"https:\/\/www.themoule.com\/aviso-legal\/","name":"Aviso legal - Mo\u00fcle - Productora audiovisual independiente - Direcci\u00f3n Creativa - Direcci\u00f3n Ejecutiva","isPartOf":{"@id":"https:\/\/www.themoule.com\/#website"},"primaryImageOfPage":{"@id":"https:\/\/www.themoule.com\/aviso-legal\/#primaryimage"},"image":{"@id":"https:\/\/www.themoule.com\/aviso-legal\/#primaryimage"},"thumbnailUrl":"https:\/\/www.themoule.com\/wp-content\/uploads\/2021\/03\/fondo-3.png","datePublished":"2023-01-22T08:16:48+00:00","dateModified":"2026-03-01T15:57:11+00:00","description":"Aviso legal productora audiovisual Moule. Productora recomendada en Espa\u00f1a. Producci\u00f3n de cine y televisi\u00f3n.","breadcrumb":{"@id":"https:\/\/www.themoule.com\/aviso-legal\/#breadcrumb"},"inLanguage":"en-US","potentialAction":[{"@type":"ReadAction","target":["https:\/\/www.themoule.com\/aviso-legal\/"]}]},{"@type":"ImageObject","inLanguage":"en-US","@id":"https:\/\/www.themoule.com\/aviso-legal\/#primaryimage","url":"https:\/\/www.themoule.com\/wp-content\/uploads\/2021\/03\/fondo-3.png","contentUrl":"https:\/\/www.themoule.com\/wp-content\/uploads\/2021\/03\/fondo-3.png","width":1920,"height":1080,"caption":"Aviso legal moule"},{"@type":"BreadcrumbList","@id":"https:\/\/www.themoule.com\/aviso-legal\/#breadcrumb","itemListElement":[{"@type":"ListItem","position":1,"name":"Portada","item":"https:\/\/www.themoule.com\/"},{"@type":"ListItem","position":2,"name":"Aviso legal"}]},{"@type":"WebSite","@id":"https:\/\/www.themoule.com\/#website","url":"https:\/\/www.themoule.com\/","name":"Mo\u00fcle | Productora Audiovisual & Storytelling","description":"Productora audiovisual creativa","publisher":{"@id":"https:\/\/www.themoule.com\/#organization"},"alternateName":"Moule productora","potentialAction":[{"@type":"SearchAction","target":{"@type":"EntryPoint","urlTemplate":"https:\/\/www.themoule.com\/?s={search_term_string}"},"query-input":{"@type":"PropertyValueSpecification","valueRequired":true,"valueName":"search_term_string"}}],"inLanguage":"en-US"},{"@type":"Organization","@id":"https:\/\/www.themoule.com\/#organization","name":"Mo\u00fcle | Productora Audiovisual & Storytelling","alternateName":"Moule films","url":"https:\/\/www.themoule.com\/","logo":{"@type":"ImageObject","inLanguage":"en-US","@id":"https:\/\/www.themoule.com\/#\/schema\/logo\/image\/","url":"https:\/\/www.themoule.com\/wp-content\/uploads\/2023\/03\/moule_iconblack.png","contentUrl":"https:\/\/www.themoule.com\/wp-content\/uploads\/2023\/03\/moule_iconblack.png","width":915,"height":935,"caption":"Mo\u00fcle | Productora Audiovisual & Storytelling"},"image":{"@id":"https:\/\/www.themoule.com\/#\/schema\/logo\/image\/"},"sameAs":["https:\/\/www.facebook.com\/moulepeople","https:\/\/x.com\/moulepeople","https:\/\/www.instagram.com\/moulepeople\/","https:\/\/www.linkedin.com\/company\/moule\/?viewAsMember=true","https:\/\/vimeo.com\/mouletv"]}]}},"_hostinger_reach_plugin_has_subscription_block":false,"_hostinger_reach_plugin_is_elementor":false,"_links":{"self":[{"href":"https:\/\/www.themoule.com\/en\/wp-json\/wp\/v2\/pages\/310","targetHints":{"allow":["GET"]}}],"collection":[{"href":"https:\/\/www.themoule.com\/en\/wp-json\/wp\/v2\/pages"}],"about":[{"href":"https:\/\/www.themoule.com\/en\/wp-json\/wp\/v2\/types\/page"}],"author":[{"embeddable":true,"href":"https:\/\/www.themoule.com\/en\/wp-json\/wp\/v2\/users\/2"}],"replies":[{"embeddable":true,"href":"https:\/\/www.themoule.com\/en\/wp-json\/wp\/v2\/comments?post=310"}],"version-history":[{"count":35,"href":"https:\/\/www.themoule.com\/en\/wp-json\/wp\/v2\/pages\/310\/revisions"}],"predecessor-version":[{"id":9550,"href":"https:\/\/www.themoule.com\/en\/wp-json\/wp\/v2\/pages\/310\/revisions\/9550"}],"wp:featuredmedia":[{"embeddable":true,"href":"https:\/\/www.themoule.com\/en\/wp-json\/wp\/v2\/media\/169"}],"wp:attachment":[{"href":"https:\/\/www.themoule.com\/en\/wp-json\/wp\/v2\/media?parent=310"}],"curies":[{"name":"wp","href":"https:\/\/api.w.org\/{rel}","templated":true}]}}