{"id":282,"date":"2023-01-22T07:52:56","date_gmt":"2023-01-22T07:52:56","guid":{"rendered":"https:\/\/www.themoule.com\/?page_id=282"},"modified":"2026-02-17T12:11:33","modified_gmt":"2026-02-17T12:11:33","slug":"elementor-282","status":"publish","type":"page","link":"https:\/\/www.themoule.com\/en\/elementor-282\/","title":{"rendered":"Cookie Policy"},"content":{"rendered":"<div data-elementor-type=\"wp-page\" data-elementor-id=\"282\" class=\"elementor elementor-282\" data-elementor-settings=\"{&quot;ha_cmc_init_switcher&quot;:&quot;no&quot;}\" data-elementor-post-type=\"page\">\n\t\t\t\t\t\t<section class=\"elementor-section elementor-top-section elementor-element elementor-element-54a810e2 elementor-section-boxed elementor-section-height-default elementor-section-height-default\" data-id=\"54a810e2\" data-element_type=\"section\" data-e-type=\"section\" data-settings=\"{&quot;background_background&quot;:&quot;classic&quot;,&quot;_ha_eqh_enable&quot;:false}\">\n\t\t\t\t\t\t<div class=\"elementor-container elementor-column-gap-default\">\n\t\t\t\t\t<div class=\"elementor-column elementor-col-100 elementor-top-column elementor-element elementor-element-49e3504d\" data-id=\"49e3504d\" data-element_type=\"column\" data-e-type=\"column\">\n\t\t\t<div class=\"elementor-widget-wrap elementor-element-populated\">\n\t\t\t\t\t\t<div class=\"elementor-element elementor-element-6754ef3b elementor-widget elementor-widget-spacer\" data-id=\"6754ef3b\" data-element_type=\"widget\" data-e-type=\"widget\" data-widget_type=\"spacer.default\">\n\t\t\t\t\t\t\t<div class=\"elementor-spacer\">\n\t\t\t<div class=\"elementor-spacer-inner\"><\/div>\n\t\t<\/div>\n\t\t\t\t\t\t<\/div>\n\t\t\t\t<div class=\"elementor-element elementor-element-54cbe35f elementor-widget elementor-widget-heading\" data-id=\"54cbe35f\" data-element_type=\"widget\" data-e-type=\"widget\" data-widget_type=\"heading.default\">\n\t\t\t\t\t<h2 class=\"elementor-heading-title elementor-size-default\">POL\u00cdTICA DE COOKIES<\/h2>\t\t\t\t<\/div>\n\t\t\t\t<div class=\"elementor-element elementor-element-15fac602 elementor-widget elementor-widget-text-editor\" data-id=\"15fac602\" data-element_type=\"widget\" data-e-type=\"widget\" data-widget_type=\"text-editor.default\">\n\t\t\t\t\t\t\t\t\t<div id=\"model-response-message-contentr_1ceea17ff02e1975\" class=\"markdown markdown-main-panel enable-updated-hr-color preserve-whitespaces-in-response\" dir=\"ltr\" aria-live=\"polite\" aria-busy=\"false\"><blockquote data-path-to-node=\"4\"><p data-path-to-node=\"4,0\">\u00a0<\/p><\/blockquote><hr data-path-to-node=\"5\" \/><p data-path-to-node=\"8\">En cumplimiento de lo dispuesto en la <b data-path-to-node=\"8\" data-index-in-node=\"38\">Ley 34\/2002, de 11 de julio, de Servicios de la Sociedad de la Informaci\u00f3n y de Comercio Electr\u00f3nico (LSSI-CE)<\/b>, <b data-path-to-node=\"8\" data-index-in-node=\"150\">Busto and Moule SCP<\/b> (en adelante, \u00abMo\u00fcle\u00bb) informa que utiliza cookies en su sitio web para facilitar la navegaci\u00f3n y obtener estad\u00edsticas de uso.<\/p><h3 data-path-to-node=\"9\">1. \u00bfQu\u00e9 son las cookies?<\/h3><p data-path-to-node=\"10\">Las cookies son peque\u00f1os archivos de texto que se descargan en tu ordenador, tablet o m\u00f3vil al acceder a determinadas p\u00e1ginas web. Las cookies permiten a una p\u00e1gina web, entre otras cosas, almacenar y recuperar informaci\u00f3n sobre los h\u00e1bitos de navegaci\u00f3n de un usuario o de su equipo y, dependiendo de la informaci\u00f3n que contengan y de la forma en que utilice su equipo, pueden utilizarse para reconocer al usuario.<\/p><h3 data-path-to-node=\"11\">2. \u00bfQu\u00e9 tipos de cookies utiliza esta web?<\/h3><p data-path-to-node=\"12\">Seg\u00fan quien sea la entidad que gestione el dominio desde donde se env\u00edan las cookies y trate los datos que se obtengan, se pueden distinguir dos tipos:<\/p><ul data-path-to-node=\"13\"><li><p data-path-to-node=\"13,0,0\"><b data-path-to-node=\"13,0,0\" data-index-in-node=\"0\">Cookies propias:<\/b> Aquellas que se env\u00edan a tu equipo desde nuestros propios equipos o dominios y desde el que prestamos el servicio que nos solicitas.<\/p><\/li><li><p id=\"p-rc_eac03cb1c9e9b2df-19\" data-path-to-node=\"13,1,0\"><b data-path-to-node=\"13,1,0\" data-index-in-node=\"0\">Cookies de terceros:<\/b> Aquellas que<span class=\"citation-431 citation-end-431\"> se env\u00edan a tu equipo desde un equipo o dominio que no es gestionado por nosotros, sino por otra entidad colaboradora (ej. Google, Facebook).<\/span><\/p><div class=\"source-inline-chip-container ng-star-inserted\">\u00a0<\/div><\/li><\/ul><p id=\"p-rc_eac03cb1c9e9b2df-20\" data-path-to-node=\"14\"><span class=\"citation-430 citation-end-430\">Seg\u00fan la finalidad, utilizamos:<\/span><\/p><div class=\"source-inline-chip-container ng-star-inserted\">\u00a0<\/div><ol start=\"1\" data-path-to-node=\"15\"><li><p id=\"p-rc_eac03cb1c9e9b2df-21\" data-path-to-node=\"15,0,0\"><b data-path-to-node=\"15,0,0\" data-index-in-node=\"0\"><span class=\"citation-429 citation-end-429\">Cookies T\u00e9cnicas (Necesarias):<\/span><\/b> Son aquellas imprescindibles para el funcionamiento de la web (ej. recordar tu aceptaci\u00f3n de cookies, seguridad, acceso a \u00e1reas privadas). Estas cookies no requieren tu consentimiento.<\/p><div class=\"source-inline-chip-container ng-star-inserted\">\u00a0<\/div><\/li><li><p data-path-to-node=\"15,1,0\"><b data-path-to-node=\"15,1,0\" data-index-in-node=\"0\">Cookies de An\u00e1lisis o Medici\u00f3n:<\/b> Son aquellas que, tratadas por nosotros o por terceros, nos permiten cuantificar el n\u00famero de usuarios y realizar la medici\u00f3n y an\u00e1lisis estad\u00edstico de la utilizaci\u00f3n que hacen los usuarios del servicio. Para ello se analiza tu navegaci\u00f3n en nuestra p\u00e1gina web con el fin de mejorar la oferta de productos o servicios que te ofrecemos.<\/p><\/li><li><p id=\"p-rc_eac03cb1c9e9b2df-22\" data-path-to-node=\"15,2,0\"><b data-path-to-node=\"15,2,0\" data-index-in-node=\"0\">Cookies Publicitarias\/Marketing:<\/b> Son aquellas que almacenan informaci\u00f3n del comportamiento de los usuarios obtenida a trav\u00e9s de la observaci\u00f3n continuada de sus h\u00e1bitos de navegaci\u00f3n, lo qu<span class=\"citation-428 citation-end-428\">e permite desarrollar un perfil espec\u00edfico para mostrar publicidad en funci\u00f3n del mismo.<\/span><\/p><div class=\"source-inline-chip-container ng-star-inserted\">\u00a0<\/div><\/li><\/ol><h3 data-path-to-node=\"16\"><span class=\"citation-427 citation-end-427\">3. Relaci\u00f3n de cookies utilizadas<\/span><\/h3><p id=\"p-rc_eac03cb1c9e9b2df-23\" data-path-to-node=\"17\"><span class=\"citation-426 citation-end-426\">A continuaci\u00f3n identificamos las cookies de terceros m\u00e1s relevantes que utilizamos en Mo\u00fcle:<\/span><\/p><div class=\"source-inline-chip-container ng-star-inserted\">\u00a0<\/div><ul data-path-to-node=\"18\"><li><p data-path-to-node=\"18,0,0\"><b data-path-to-node=\"18,0,0\" data-index-in-node=\"0\">Google Analytics (Google Ireland Ltd):<\/b> Utilizamos Google Analytics para medir c\u00f3mo interact\u00faan los usuarios con el contenido de nuestro sitio. Google act\u00faa como procesador de datos.<\/p><ul data-path-to-node=\"18,0,1\"><li><p data-path-to-node=\"18,0,1,0,0\"><i data-path-to-node=\"18,0,1,0,0\" data-index-in-node=\"0\">Finalidad:<\/i> Anal\u00edtica y medici\u00f3n.<\/p><\/li><li><p data-path-to-node=\"18,0,1,1,0\"><i data-path-to-node=\"18,0,1,1,0\" data-index-in-node=\"0\">M\u00e1s informaci\u00f3n:<\/i> <a class=\"ng-star-inserted\" href=\"https:\/\/policies.google.com\/privacy?hl=es\" target=\"_blank\" rel=\"noopener\">Pol\u00edtica de privacidad de Google<\/a><\/p><\/li><\/ul><\/li><li><p data-path-to-node=\"18,1,0\"><b data-path-to-node=\"18,1,0\" data-index-in-node=\"0\">Pixel de Meta (Facebook\/Instagram):<\/b> Herramienta de an\u00e1lisis que nos ayuda a medir la eficacia de nuestra publicidad, entendiendo las acciones que las personas realizan en nuestro sitio web.<\/p><ul data-path-to-node=\"18,1,1\"><li><p data-path-to-node=\"18,1,1,0,0\"><i data-path-to-node=\"18,1,1,0,0\" data-index-in-node=\"0\">Finalidad:<\/i> Publicidad y seguimiento de conversiones.<\/p><\/li><li><p data-path-to-node=\"18,1,1,1,0\"><i data-path-to-node=\"18,1,1,1,0\" data-index-in-node=\"0\">M\u00e1s informaci\u00f3n:<\/i> <a class=\"ng-star-inserted\" href=\"https:\/\/www.facebook.com\/privacy\/policy\/?locale=es_ES\" target=\"_blank\" rel=\"noopener\">Pol\u00edtica de cookies de Meta<\/a><\/p><\/li><\/ul><\/li><li><p data-path-to-node=\"18,2,0\"><b data-path-to-node=\"18,2,0\" data-index-in-node=\"0\">Mailchimp:<\/b> Utilizamos cookies para gestionar nuestras campa\u00f1as de email marketing y suscripciones.<\/p><ul data-path-to-node=\"18,2,1\"><li><p data-path-to-node=\"18,2,1,0,0\"><i data-path-to-node=\"18,2,1,0,0\" data-index-in-node=\"0\">Finalidad:<\/i> Marketing y funcionalidad.<\/p><\/li><\/ul><\/li><\/ul><h3 data-path-to-node=\"19\">4. Transferencias Internacionales de Datos<\/h3><p data-path-to-node=\"20\">Las cookies de terceros utilizadas en esta web pertenecen a empresas (como Google, Meta o Mailchimp) que pueden ubicar sus servidores en Estados Unidos. Estas transferencias internacionales de datos se realizan amparadas en el <b data-path-to-node=\"20\" data-index-in-node=\"227\">Data Privacy Framework (Marco de Privacidad de Datos UE-EE.UU.)<\/b> o mediante Cl\u00e1usulas Contractuales Tipo aprobadas por la Comisi\u00f3n Europea, garantizando un nivel adecuado de protecci\u00f3n de sus datos.<\/p><p data-path-to-node=\"21\">Puedes informarte de las transferencias a terceros pa\u00edses que, en su caso, realizan los terceros identificados en esta pol\u00edtica de cookies en sus correspondientes pol\u00edticas (ver enlaces facilitados en el apartado anterior).<\/p><h3 data-path-to-node=\"22\">5. \u00bfC\u00f3mo aceptar, denegar o revocar el consentimiento?<\/h3><p data-path-to-node=\"23\">Al acceder por primera vez a nuestra web, se te mostr\u00f3 un <b data-path-to-node=\"23\" data-index-in-node=\"58\">panel de configuraci\u00f3n o banner<\/b> donde pod\u00edas aceptar, rechazar o configurar las cookies.<\/p><p data-path-to-node=\"24\">Puedes modificar tu consentimiento en cualquier momento accediendo nuevamente al panel de configuraci\u00f3n (generalmente situado en el pie de p\u00e1gina o mediante un icono flotante en la esquina de la pantalla).<\/p><p data-path-to-node=\"25\">Adicionalmente, puedes permitir, bloquear o eliminar las cookies instaladas en tu equipo mediante la configuraci\u00f3n de las opciones del navegador instalado en tu ordenador:<\/p><ul data-path-to-node=\"26\"><li><p data-path-to-node=\"26,0,0\"><b data-path-to-node=\"26,0,0\" data-index-in-node=\"0\">Google Chrome:<\/b> <a class=\"ng-star-inserted\" href=\"https:\/\/support.google.com\/chrome\/answer\/95647?hl=es\" target=\"_blank\" rel=\"noopener\">Configuraci\u00f3n de cookies en Chrome<\/a><\/p><\/li><li><p data-path-to-node=\"26,1,0\"><b data-path-to-node=\"26,1,0\" data-index-in-node=\"0\">Mozilla Firefox:<\/b> <a class=\"ng-star-inserted\" href=\"https:\/\/support.mozilla.org\/es\/kb\/habilitar-y-deshabilitar-cookies-sitios-web-rastrear-preferencias\" target=\"_blank\" rel=\"noopener\">Configuraci\u00f3n de cookies en Firefox<\/a><\/p><\/li><li><p data-path-to-node=\"26,2,0\"><b data-path-to-node=\"26,2,0\" data-index-in-node=\"0\">Safari:<\/b> <a class=\"ng-star-inserted\" href=\"https:\/\/support.apple.com\/es-es\/guide\/safari\/sfri11471\/mac\" target=\"_blank\" rel=\"noopener\">Configuraci\u00f3n de cookies en Safari<\/a><\/p><\/li><li><p data-path-to-node=\"26,3,0\"><b data-path-to-node=\"26,3,0\" data-index-in-node=\"0\">Microsoft Edge:<\/b> <a class=\"ng-star-inserted\" href=\"https:\/\/support.microsoft.com\/es-es\/microsoft-edge\/eliminar-las-cookies-en-microsoft-edge-63947406-40ac-c3b8-57b9-2a946a29ae09\" target=\"_blank\" rel=\"noopener\">Configuraci\u00f3n de cookies en Edge<\/a><\/p><\/li><\/ul><p data-path-to-node=\"27\">Ten en cuenta que, si aceptas las cookies de terceros, deber\u00e1s eliminarlas desde las opciones del navegador o desde el sistema ofrecido por el propio tercero.<\/p><h3 data-path-to-node=\"28\">6. Actualizaci\u00f3n de la Pol\u00edtica de Cookies<\/h3><div class=\"source-inline-chip-container ng-star-inserted\">\u00a0<\/div><p data-path-to-node=\"29\">Es posible que actualicemos la Pol\u00edtica de Cookies de nuestro Sitio Web, por ello te recomendamos revisar esta pol\u00edtica cada vez que accedas a nuestro Sitio Web con el objetivo de estar adecuadamente informado sobre c\u00f3mo y para qu\u00e9 usamos las cookies.<\/p><\/div>\t\t\t\t\t\t\t\t<\/div>\n\t\t\t\t<div class=\"elementor-element elementor-element-21051b48 elementor-widget elementor-widget-spacer\" data-id=\"21051b48\" data-element_type=\"widget\" data-e-type=\"widget\" data-widget_type=\"spacer.default\">\n\t\t\t\t\t\t\t<div class=\"elementor-spacer\">\n\t\t\t<div class=\"elementor-spacer-inner\"><\/div>\n\t\t<\/div>\n\t\t\t\t\t\t<\/div>\n\t\t\t\t\t<\/div>\n\t\t<\/div>\n\t\t\t\t\t<\/div>\n\t\t<\/section>\n\t\t\t\t<\/div>","protected":false},"excerpt":{"rendered":"<p>POL\u00cdTICA DE COOKIES \u00a0 En cumplimiento de lo dispuesto en la Ley 34\/2002, de 11 de julio, de Servicios de la Sociedad de la Informaci\u00f3n y de Comercio Electr\u00f3nico (LSSI-CE), Busto and Moule SCP (en adelante, \u00abMo\u00fcle\u00bb) informa que utiliza cookies en su sitio web para facilitar la navegaci\u00f3n y obtener estad\u00edsticas de uso. 1. [&hellip;]<\/p>\n","protected":false},"author":2,"featured_media":0,"parent":0,"menu_order":0,"comment_status":"closed","ping_status":"closed","template":"elementor_header_footer","meta":{"footnotes":""},"class_list":["post-282","page","type-page","status-publish","hentry"],"yoast_head":"<!-- This site is optimized with the Yoast SEO plugin v27.6 - https:\/\/yoast.com\/product\/yoast-seo-wordpress\/ -->\n<title>Pol\u00edtica de cookies - Mo\u00fcle - Productora audiovisual independiente - Direcci\u00f3n Creativa - Direcci\u00f3n Ejecutiva<\/title>\n<meta name=\"robots\" content=\"noindex, nofollow\" \/>\n<meta property=\"og:locale\" content=\"en_US\" \/>\n<meta property=\"og:type\" content=\"article\" \/>\n<meta property=\"og:title\" content=\"Pol\u00edtica de cookies - Mo\u00fcle - Productora audiovisual independiente - Direcci\u00f3n Creativa - Direcci\u00f3n Ejecutiva\" \/>\n<meta property=\"og:description\" content=\"POL\u00cdTICA DE COOKIES \u00a0 En cumplimiento de lo dispuesto en la Ley 34\/2002, de 11 de julio, de Servicios de la Sociedad de la Informaci\u00f3n y de Comercio Electr\u00f3nico (LSSI-CE), Busto and Moule SCP (en adelante, \u00abMo\u00fcle\u00bb) informa que utiliza cookies en su sitio web para facilitar la navegaci\u00f3n y obtener estad\u00edsticas de uso. 1. [&hellip;]\" \/>\n<meta property=\"og:url\" content=\"https:\/\/www.themoule.com\/en\/elementor-282\/\" \/>\n<meta property=\"og:site_name\" content=\"Mo\u00fcle - Productora audiovisual independiente - Direcci\u00f3n Creativa - Direcci\u00f3n Ejecutiva\" \/>\n<meta property=\"article:publisher\" content=\"https:\/\/www.facebook.com\/moulepeople\" \/>\n<meta property=\"article:modified_time\" content=\"2026-02-17T12:11:33+00:00\" \/>\n<meta property=\"og:image\" content=\"https:\/\/www.themoule.com\/wp-content\/uploads\/2023\/03\/moule_iconblack.png\" \/>\n\t<meta property=\"og:image:width\" content=\"915\" \/>\n\t<meta property=\"og:image:height\" content=\"935\" \/>\n\t<meta property=\"og:image:type\" content=\"image\/png\" \/>\n<meta name=\"twitter:card\" content=\"summary_large_image\" \/>\n<meta name=\"twitter:site\" content=\"@moulepeople\" \/>\n<meta name=\"twitter:label1\" content=\"Est. reading time\" \/>\n\t<meta name=\"twitter:data1\" content=\"4 minutes\" \/>\n<script type=\"application\/ld+json\" class=\"yoast-schema-graph\">{\"@context\":\"https:\\\/\\\/schema.org\",\"@graph\":[{\"@type\":\"WebPage\",\"@id\":\"https:\\\/\\\/www.themoule.com\\\/elementor-282\\\/\",\"url\":\"https:\\\/\\\/www.themoule.com\\\/elementor-282\\\/\",\"name\":\"Pol\u00edtica de cookies - Mo\u00fcle - Productora audiovisual independiente - Direcci\u00f3n Creativa - Direcci\u00f3n Ejecutiva\",\"isPartOf\":{\"@id\":\"https:\\\/\\\/www.themoule.com\\\/#website\"},\"datePublished\":\"2023-01-22T07:52:56+00:00\",\"dateModified\":\"2026-02-17T12:11:33+00:00\",\"breadcrumb\":{\"@id\":\"https:\\\/\\\/www.themoule.com\\\/elementor-282\\\/#breadcrumb\"},\"inLanguage\":\"en-US\",\"potentialAction\":[{\"@type\":\"ReadAction\",\"target\":[\"https:\\\/\\\/www.themoule.com\\\/elementor-282\\\/\"]}]},{\"@type\":\"BreadcrumbList\",\"@id\":\"https:\\\/\\\/www.themoule.com\\\/elementor-282\\\/#breadcrumb\",\"itemListElement\":[{\"@type\":\"ListItem\",\"position\":1,\"name\":\"Portada\",\"item\":\"https:\\\/\\\/www.themoule.com\\\/\"},{\"@type\":\"ListItem\",\"position\":2,\"name\":\"Pol\u00edtica de cookies\"}]},{\"@type\":\"WebSite\",\"@id\":\"https:\\\/\\\/www.themoule.com\\\/#website\",\"url\":\"https:\\\/\\\/www.themoule.com\\\/\",\"name\":\"Mo\u00fcle | Productora Audiovisual & Storytelling\",\"description\":\"Productora audiovisual creativa\",\"publisher\":{\"@id\":\"https:\\\/\\\/www.themoule.com\\\/#organization\"},\"alternateName\":\"Moule productora\",\"potentialAction\":[{\"@type\":\"SearchAction\",\"target\":{\"@type\":\"EntryPoint\",\"urlTemplate\":\"https:\\\/\\\/www.themoule.com\\\/?s={search_term_string}\"},\"query-input\":{\"@type\":\"PropertyValueSpecification\",\"valueRequired\":true,\"valueName\":\"search_term_string\"}}],\"inLanguage\":\"en-US\"},{\"@type\":\"Organization\",\"@id\":\"https:\\\/\\\/www.themoule.com\\\/#organization\",\"name\":\"Mo\u00fcle | Productora Audiovisual & Storytelling\",\"alternateName\":\"Moule films\",\"url\":\"https:\\\/\\\/www.themoule.com\\\/\",\"logo\":{\"@type\":\"ImageObject\",\"inLanguage\":\"en-US\",\"@id\":\"https:\\\/\\\/www.themoule.com\\\/#\\\/schema\\\/logo\\\/image\\\/\",\"url\":\"https:\\\/\\\/www.themoule.com\\\/wp-content\\\/uploads\\\/2023\\\/03\\\/moule_iconblack.png\",\"contentUrl\":\"https:\\\/\\\/www.themoule.com\\\/wp-content\\\/uploads\\\/2023\\\/03\\\/moule_iconblack.png\",\"width\":915,\"height\":935,\"caption\":\"Mo\u00fcle | Productora Audiovisual & Storytelling\"},\"image\":{\"@id\":\"https:\\\/\\\/www.themoule.com\\\/#\\\/schema\\\/logo\\\/image\\\/\"},\"sameAs\":[\"https:\\\/\\\/www.facebook.com\\\/moulepeople\",\"https:\\\/\\\/x.com\\\/moulepeople\",\"https:\\\/\\\/www.instagram.com\\\/moulepeople\\\/\",\"https:\\\/\\\/www.linkedin.com\\\/company\\\/moule\\\/?viewAsMember=true\",\"https:\\\/\\\/vimeo.com\\\/mouletv\"]}]}<\/script>\n<!-- \/ Yoast SEO plugin. -->","yoast_head_json":{"title":"Pol\u00edtica de cookies - Mo\u00fcle - Productora audiovisual independiente - Direcci\u00f3n Creativa - Direcci\u00f3n Ejecutiva","robots":{"index":"noindex","follow":"nofollow"},"og_locale":"en_US","og_type":"article","og_title":"Pol\u00edtica de cookies - Mo\u00fcle - Productora audiovisual independiente - Direcci\u00f3n Creativa - Direcci\u00f3n Ejecutiva","og_description":"POL\u00cdTICA DE COOKIES \u00a0 En cumplimiento de lo dispuesto en la Ley 34\/2002, de 11 de julio, de Servicios de la Sociedad de la Informaci\u00f3n y de Comercio Electr\u00f3nico (LSSI-CE), Busto and Moule SCP (en adelante, \u00abMo\u00fcle\u00bb) informa que utiliza cookies en su sitio web para facilitar la navegaci\u00f3n y obtener estad\u00edsticas de uso. 1. [&hellip;]","og_url":"https:\/\/www.themoule.com\/en\/elementor-282\/","og_site_name":"Mo\u00fcle - Productora audiovisual independiente - Direcci\u00f3n Creativa - Direcci\u00f3n Ejecutiva","article_publisher":"https:\/\/www.facebook.com\/moulepeople","article_modified_time":"2026-02-17T12:11:33+00:00","og_image":[{"width":915,"height":935,"url":"https:\/\/www.themoule.com\/wp-content\/uploads\/2023\/03\/moule_iconblack.png","type":"image\/png"}],"twitter_card":"summary_large_image","twitter_site":"@moulepeople","twitter_misc":{"Est. reading time":"4 minutes"},"schema":{"@context":"https:\/\/schema.org","@graph":[{"@type":"WebPage","@id":"https:\/\/www.themoule.com\/elementor-282\/","url":"https:\/\/www.themoule.com\/elementor-282\/","name":"Pol\u00edtica de cookies - Mo\u00fcle - Productora audiovisual independiente - Direcci\u00f3n Creativa - Direcci\u00f3n Ejecutiva","isPartOf":{"@id":"https:\/\/www.themoule.com\/#website"},"datePublished":"2023-01-22T07:52:56+00:00","dateModified":"2026-02-17T12:11:33+00:00","breadcrumb":{"@id":"https:\/\/www.themoule.com\/elementor-282\/#breadcrumb"},"inLanguage":"en-US","potentialAction":[{"@type":"ReadAction","target":["https:\/\/www.themoule.com\/elementor-282\/"]}]},{"@type":"BreadcrumbList","@id":"https:\/\/www.themoule.com\/elementor-282\/#breadcrumb","itemListElement":[{"@type":"ListItem","position":1,"name":"Portada","item":"https:\/\/www.themoule.com\/"},{"@type":"ListItem","position":2,"name":"Pol\u00edtica de cookies"}]},{"@type":"WebSite","@id":"https:\/\/www.themoule.com\/#website","url":"https:\/\/www.themoule.com\/","name":"Mo\u00fcle | Productora Audiovisual & Storytelling","description":"Productora audiovisual creativa","publisher":{"@id":"https:\/\/www.themoule.com\/#organization"},"alternateName":"Moule productora","potentialAction":[{"@type":"SearchAction","target":{"@type":"EntryPoint","urlTemplate":"https:\/\/www.themoule.com\/?s={search_term_string}"},"query-input":{"@type":"PropertyValueSpecification","valueRequired":true,"valueName":"search_term_string"}}],"inLanguage":"en-US"},{"@type":"Organization","@id":"https:\/\/www.themoule.com\/#organization","name":"Mo\u00fcle | Productora Audiovisual & Storytelling","alternateName":"Moule films","url":"https:\/\/www.themoule.com\/","logo":{"@type":"ImageObject","inLanguage":"en-US","@id":"https:\/\/www.themoule.com\/#\/schema\/logo\/image\/","url":"https:\/\/www.themoule.com\/wp-content\/uploads\/2023\/03\/moule_iconblack.png","contentUrl":"https:\/\/www.themoule.com\/wp-content\/uploads\/2023\/03\/moule_iconblack.png","width":915,"height":935,"caption":"Mo\u00fcle | Productora Audiovisual & Storytelling"},"image":{"@id":"https:\/\/www.themoule.com\/#\/schema\/logo\/image\/"},"sameAs":["https:\/\/www.facebook.com\/moulepeople","https:\/\/x.com\/moulepeople","https:\/\/www.instagram.com\/moulepeople\/","https:\/\/www.linkedin.com\/company\/moule\/?viewAsMember=true","https:\/\/vimeo.com\/mouletv"]}]}},"_hostinger_reach_plugin_has_subscription_block":false,"_hostinger_reach_plugin_is_elementor":false,"_links":{"self":[{"href":"https:\/\/www.themoule.com\/en\/wp-json\/wp\/v2\/pages\/282","targetHints":{"allow":["GET"]}}],"collection":[{"href":"https:\/\/www.themoule.com\/en\/wp-json\/wp\/v2\/pages"}],"about":[{"href":"https:\/\/www.themoule.com\/en\/wp-json\/wp\/v2\/types\/page"}],"author":[{"embeddable":true,"href":"https:\/\/www.themoule.com\/en\/wp-json\/wp\/v2\/users\/2"}],"replies":[{"embeddable":true,"href":"https:\/\/www.themoule.com\/en\/wp-json\/wp\/v2\/comments?post=282"}],"version-history":[{"count":23,"href":"https:\/\/www.themoule.com\/en\/wp-json\/wp\/v2\/pages\/282\/revisions"}],"predecessor-version":[{"id":9554,"href":"https:\/\/www.themoule.com\/en\/wp-json\/wp\/v2\/pages\/282\/revisions\/9554"}],"wp:attachment":[{"href":"https:\/\/www.themoule.com\/en\/wp-json\/wp\/v2\/media?parent=282"}],"curies":[{"name":"wp","href":"https:\/\/api.w.org\/{rel}","templated":true}]}}