{"id":2664,"date":"2023-12-02T19:49:55","date_gmt":"2023-12-02T19:49:55","guid":{"rendered":"https:\/\/www.themoule.com\/?page_id=2664"},"modified":"2024-06-02T18:24:15","modified_gmt":"2024-06-02T18:24:15","slug":"proyecto-ind-bustbrand-fotos","status":"publish","type":"page","link":"https:\/\/www.themoule.com\/en\/proyectos\/proyecto-ind-bustbrand-fotos\/","title":{"rendered":"PROYECTO IND. bustbrand fotos"},"content":{"rendered":"<div data-elementor-type=\"wp-page\" data-elementor-id=\"2664\" class=\"elementor elementor-2664\" data-elementor-settings=\"{&quot;ha_cmc_init_switcher&quot;:&quot;no&quot;}\" data-elementor-post-type=\"page\">\n\t\t\t\t\t\t<section class=\"elementor-section elementor-top-section elementor-element elementor-element-5cb5a2b elementor-section-height-min-height elementor-section-stretched elementor-section-boxed elementor-section-height-default elementor-section-items-middle\" data-id=\"5cb5a2b\" data-element_type=\"section\" data-e-type=\"section\" data-settings=\"{&quot;stretch_section&quot;:&quot;section-stretched&quot;,&quot;background_background&quot;:&quot;classic&quot;,&quot;_ha_eqh_enable&quot;:false}\">\n\t\t\t\t\t\t\t<div class=\"elementor-background-overlay\"><\/div>\n\t\t\t\t\t\t\t<div class=\"elementor-container elementor-column-gap-default\">\n\t\t\t\t\t<div class=\"elementor-column elementor-col-100 elementor-top-column elementor-element elementor-element-1080186\" data-id=\"1080186\" data-element_type=\"column\" data-e-type=\"column\" data-settings=\"{&quot;background_background&quot;:&quot;classic&quot;}\">\n\t\t\t<div class=\"elementor-widget-wrap elementor-element-populated\">\n\t\t\t\t\t\t<div class=\"elementor-element elementor-element-60693e5 elementor-widget elementor-widget-heading\" data-id=\"60693e5\" data-element_type=\"widget\" data-e-type=\"widget\" data-widget_type=\"heading.default\">\n\t\t\t\t\t<h2 class=\"elementor-heading-title elementor-size-default\">BUSTO BRAND<\/h2>\t\t\t\t<\/div>\n\t\t\t\t\t<\/div>\n\t\t<\/div>\n\t\t\t\t\t<\/div>\n\t\t<\/section>\n\t\t\t\t<section class=\"elementor-section elementor-top-section elementor-element elementor-element-9e6ed03 elementor-section-boxed elementor-section-height-default elementor-section-height-default\" data-id=\"9e6ed03\" data-element_type=\"section\" data-e-type=\"section\" data-settings=\"{&quot;_ha_eqh_enable&quot;:false}\">\n\t\t\t\t\t\t<div class=\"elementor-container elementor-column-gap-default\">\n\t\t\t\t\t<div class=\"elementor-column elementor-col-50 elementor-top-column elementor-element elementor-element-be99253 elementor-invisible\" data-id=\"be99253\" data-element_type=\"column\" data-e-type=\"column\" data-settings=\"{&quot;animation&quot;:&quot;fadeInLeft&quot;}\">\n\t\t\t<div class=\"elementor-widget-wrap elementor-element-populated\">\n\t\t\t\t\t\t<div class=\"elementor-element elementor-element-8fd3595 elementor-widget elementor-widget-spacer\" data-id=\"8fd3595\" data-element_type=\"widget\" data-e-type=\"widget\" data-widget_type=\"spacer.default\">\n\t\t\t\t\t\t\t<div class=\"elementor-spacer\">\n\t\t\t<div class=\"elementor-spacer-inner\"><\/div>\n\t\t<\/div>\n\t\t\t\t\t\t<\/div>\n\t\t\t\t<div class=\"elementor-element elementor-element-8b519d7 elementor-widget elementor-widget-heading\" data-id=\"8b519d7\" data-element_type=\"widget\" data-e-type=\"widget\" data-widget_type=\"heading.default\">\n\t\t\t\t\t<h2 class=\"elementor-heading-title elementor-size-default\">CONTENIDO FOTOGR\u00c1FICO PARA BUSTO BRAND<\/h2>\t\t\t\t<\/div>\n\t\t\t\t<div class=\"elementor-element elementor-element-0781620 elementor-widget elementor-widget-text-editor\" data-id=\"0781620\" data-element_type=\"widget\" data-e-type=\"widget\" data-widget_type=\"text-editor.default\">\n\t\t\t\t\t\t\t\t\t<p>Creaci\u00f3n del contenido fotogr\u00e1fico para la marca de camisetas Busto Brand.<\/p><p>El objetivo, identificar la marca como una propuesta reivindicativa, atemporal, multicultural, unisex, creativa y sostenible.<\/p>\t\t\t\t\t\t\t\t<\/div>\n\t\t\t\t\t<\/div>\n\t\t<\/div>\n\t\t\t\t<div class=\"elementor-column elementor-col-50 elementor-top-column elementor-element elementor-element-bd63ce6\" data-id=\"bd63ce6\" data-element_type=\"column\" data-e-type=\"column\">\n\t\t\t<div class=\"elementor-widget-wrap\">\n\t\t\t\t\t\t\t<\/div>\n\t\t<\/div>\n\t\t\t\t\t<\/div>\n\t\t<\/section>\n\t\t\t\t<section class=\"elementor-section elementor-top-section elementor-element elementor-element-bd4d796 elementor-section-boxed elementor-section-height-default elementor-section-height-default\" data-id=\"bd4d796\" data-element_type=\"section\" data-e-type=\"section\" data-settings=\"{&quot;_ha_eqh_enable&quot;:false}\">\n\t\t\t\t\t\t<div class=\"elementor-container elementor-column-gap-default\">\n\t\t\t\t\t<div class=\"elementor-column elementor-col-100 elementor-top-column elementor-element elementor-element-fa4b937\" data-id=\"fa4b937\" data-element_type=\"column\" data-e-type=\"column\">\n\t\t\t<div class=\"elementor-widget-wrap elementor-element-populated\">\n\t\t\t\t\t\t<div class=\"elementor-element elementor-element-0e04c01 elementor-widget elementor-widget-gallery\" data-id=\"0e04c01\" data-element_type=\"widget\" data-e-type=\"widget\" data-settings=\"{&quot;columns&quot;:3,&quot;columns_tablet&quot;:3,&quot;columns_mobile&quot;:3,&quot;gap&quot;:{&quot;unit&quot;:&quot;px&quot;,&quot;size&quot;:4,&quot;sizes&quot;:[]},&quot;gap_mobile&quot;:{&quot;unit&quot;:&quot;px&quot;,&quot;size&quot;:1,&quot;sizes&quot;:[]},&quot;lazyload&quot;:&quot;yes&quot;,&quot;gallery_layout&quot;:&quot;grid&quot;,&quot;gap_tablet&quot;:{&quot;unit&quot;:&quot;px&quot;,&quot;size&quot;:10,&quot;sizes&quot;:[]},&quot;link_to&quot;:&quot;file&quot;,&quot;aspect_ratio&quot;:&quot;3:2&quot;,&quot;overlay_background&quot;:&quot;yes&quot;,&quot;content_hover_animation&quot;:&quot;fade-in&quot;}\" data-widget_type=\"gallery.default\">\n\t\t\t\t\t\t\t<div class=\"elementor-gallery__container\">\n\t\t\t\t\t\t\t<a class=\"e-gallery-item elementor-gallery-item elementor-animated-content\" href=\"https:\/\/www.themoule.com\/wp-content\/uploads\/2023\/08\/MG_9654-scaled.jpeg\" data-elementor-open-lightbox=\"yes\" data-elementor-lightbox-slideshow=\"0e04c01\" data-elementor-lightbox-title=\"Busto Brand - moule\" data-e-action-hash=\"#elementor-action%3Aaction%3Dlightbox%26settings%3DeyJpZCI6MTQyNCwidXJsIjoiaHR0cHM6XC9cL3d3dy50aGVtb3VsZS5jb21cL3dwLWNvbnRlbnRcL3VwbG9hZHNcLzIwMjNcLzA4XC9NR185NjU0LXNjYWxlZC5qcGVnIiwic2xpZGVzaG93IjoiMGUwNGMwMSJ9\">\n\t\t\t\t\t<div class=\"e-gallery-image elementor-gallery-item__image\" data-thumbnail=\"https:\/\/www.themoule.com\/wp-content\/uploads\/2023\/08\/MG_9654-683x1024.jpeg\" data-width=\"683\" data-height=\"1024\" aria-label=\"Busto Brand - moule\" role=\"img\" ><\/div>\n\t\t\t\t\t\t\t\t\t\t\t<div class=\"elementor-gallery-item__overlay\"><\/div>\n\t\t\t\t\t\t\t\t\t\t\t\t\t\t<\/a>\n\t\t\t\t\t\t\t<a class=\"e-gallery-item elementor-gallery-item elementor-animated-content\" href=\"https:\/\/www.themoule.com\/wp-content\/uploads\/2023\/08\/IMG_9211-scaled.jpeg\" data-elementor-open-lightbox=\"yes\" data-elementor-lightbox-slideshow=\"0e04c01\" data-elementor-lightbox-title=\"Busto Brand - moule\" data-e-action-hash=\"#elementor-action%3Aaction%3Dlightbox%26settings%3DeyJpZCI6MTQyNSwidXJsIjoiaHR0cHM6XC9cL3d3dy50aGVtb3VsZS5jb21cL3dwLWNvbnRlbnRcL3VwbG9hZHNcLzIwMjNcLzA4XC9JTUdfOTIxMS1zY2FsZWQuanBlZyIsInNsaWRlc2hvdyI6IjBlMDRjMDEifQ%3D%3D\">\n\t\t\t\t\t<div class=\"e-gallery-image elementor-gallery-item__image\" data-thumbnail=\"https:\/\/www.themoule.com\/wp-content\/uploads\/2023\/08\/IMG_9211-701x1024.jpeg\" data-width=\"701\" data-height=\"1024\" aria-label=\"Busto Brand - moule\" role=\"img\" ><\/div>\n\t\t\t\t\t\t\t\t\t\t\t<div class=\"elementor-gallery-item__overlay\"><\/div>\n\t\t\t\t\t\t\t\t\t\t\t\t\t\t<\/a>\n\t\t\t\t\t\t\t<a class=\"e-gallery-item elementor-gallery-item elementor-animated-content\" href=\"https:\/\/www.themoule.com\/wp-content\/uploads\/2023\/08\/IMG_9215-scaled.jpeg\" data-elementor-open-lightbox=\"yes\" data-elementor-lightbox-slideshow=\"0e04c01\" data-elementor-lightbox-title=\"Busto Brand\" data-e-action-hash=\"#elementor-action%3Aaction%3Dlightbox%26settings%3DeyJpZCI6MTQyNiwidXJsIjoiaHR0cHM6XC9cL3d3dy50aGVtb3VsZS5jb21cL3dwLWNvbnRlbnRcL3VwbG9hZHNcLzIwMjNcLzA4XC9JTUdfOTIxNS1zY2FsZWQuanBlZyIsInNsaWRlc2hvdyI6IjBlMDRjMDEifQ%3D%3D\">\n\t\t\t\t\t<div class=\"e-gallery-image elementor-gallery-item__image\" data-thumbnail=\"https:\/\/www.themoule.com\/wp-content\/uploads\/2023\/08\/IMG_9215-1024x683.jpeg\" data-width=\"1024\" data-height=\"683\" aria-label=\"Busto Brand\" role=\"img\" ><\/div>\n\t\t\t\t\t\t\t\t\t\t\t<div class=\"elementor-gallery-item__overlay\"><\/div>\n\t\t\t\t\t\t\t\t\t\t\t\t\t\t<\/a>\n\t\t\t\t\t\t\t<a class=\"e-gallery-item elementor-gallery-item elementor-animated-content\" href=\"https:\/\/www.themoule.com\/wp-content\/uploads\/2023\/08\/IMG_9298-scaled.jpeg\" data-elementor-open-lightbox=\"yes\" data-elementor-lightbox-slideshow=\"0e04c01\" data-elementor-lightbox-title=\"Busto Brand - moule\" data-e-action-hash=\"#elementor-action%3Aaction%3Dlightbox%26settings%3DeyJpZCI6MTQyNywidXJsIjoiaHR0cHM6XC9cL3d3dy50aGVtb3VsZS5jb21cL3dwLWNvbnRlbnRcL3VwbG9hZHNcLzIwMjNcLzA4XC9JTUdfOTI5OC1zY2FsZWQuanBlZyIsInNsaWRlc2hvdyI6IjBlMDRjMDEifQ%3D%3D\">\n\t\t\t\t\t<div class=\"e-gallery-image elementor-gallery-item__image\" data-thumbnail=\"https:\/\/www.themoule.com\/wp-content\/uploads\/2023\/08\/IMG_9298-683x1024.jpeg\" data-width=\"683\" data-height=\"1024\" aria-label=\"Busto Brand - moule\" role=\"img\" ><\/div>\n\t\t\t\t\t\t\t\t\t\t\t<div class=\"elementor-gallery-item__overlay\"><\/div>\n\t\t\t\t\t\t\t\t\t\t\t\t\t\t<\/a>\n\t\t\t\t\t\t\t<a class=\"e-gallery-item elementor-gallery-item elementor-animated-content\" href=\"https:\/\/www.themoule.com\/wp-content\/uploads\/2023\/08\/IMG_9289-scaled.jpeg\" data-elementor-open-lightbox=\"yes\" data-elementor-lightbox-slideshow=\"0e04c01\" data-elementor-lightbox-title=\"Busto Brand - moule\" data-e-action-hash=\"#elementor-action%3Aaction%3Dlightbox%26settings%3DeyJpZCI6MTQyOCwidXJsIjoiaHR0cHM6XC9cL3d3dy50aGVtb3VsZS5jb21cL3dwLWNvbnRlbnRcL3VwbG9hZHNcLzIwMjNcLzA4XC9JTUdfOTI4OS1zY2FsZWQuanBlZyIsInNsaWRlc2hvdyI6IjBlMDRjMDEifQ%3D%3D\">\n\t\t\t\t\t<div class=\"e-gallery-image elementor-gallery-item__image\" data-thumbnail=\"https:\/\/www.themoule.com\/wp-content\/uploads\/2023\/08\/IMG_9289-1024x683.jpeg\" data-width=\"1024\" data-height=\"683\" aria-label=\"Busto Brand - moule\" role=\"img\" ><\/div>\n\t\t\t\t\t\t\t\t\t\t\t<div class=\"elementor-gallery-item__overlay\"><\/div>\n\t\t\t\t\t\t\t\t\t\t\t\t\t\t<\/a>\n\t\t\t\t\t\t\t<a class=\"e-gallery-item elementor-gallery-item elementor-animated-content\" href=\"https:\/\/www.themoule.com\/wp-content\/uploads\/2023\/08\/MG_9489-scaled.jpeg\" data-elementor-open-lightbox=\"yes\" data-elementor-lightbox-slideshow=\"0e04c01\" data-elementor-lightbox-title=\"Busto Brand - moule\" data-e-action-hash=\"#elementor-action%3Aaction%3Dlightbox%26settings%3DeyJpZCI6MTQyOSwidXJsIjoiaHR0cHM6XC9cL3d3dy50aGVtb3VsZS5jb21cL3dwLWNvbnRlbnRcL3VwbG9hZHNcLzIwMjNcLzA4XC9NR185NDg5LXNjYWxlZC5qcGVnIiwic2xpZGVzaG93IjoiMGUwNGMwMSJ9\">\n\t\t\t\t\t<div class=\"e-gallery-image elementor-gallery-item__image\" data-thumbnail=\"https:\/\/www.themoule.com\/wp-content\/uploads\/2023\/08\/MG_9489-683x1024.jpeg\" data-width=\"683\" data-height=\"1024\" aria-label=\"Busto Brand - moule\" role=\"img\" ><\/div>\n\t\t\t\t\t\t\t\t\t\t\t<div class=\"elementor-gallery-item__overlay\"><\/div>\n\t\t\t\t\t\t\t\t\t\t\t\t\t\t<\/a>\n\t\t\t\t\t\t\t<a class=\"e-gallery-item elementor-gallery-item elementor-animated-content\" href=\"https:\/\/www.themoule.com\/wp-content\/uploads\/2023\/08\/MG_9471-scaled.jpeg\" data-elementor-open-lightbox=\"yes\" data-elementor-lightbox-slideshow=\"0e04c01\" data-elementor-lightbox-title=\"Busto Brand - moule\" data-e-action-hash=\"#elementor-action%3Aaction%3Dlightbox%26settings%3DeyJpZCI6MTQzMCwidXJsIjoiaHR0cHM6XC9cL3d3dy50aGVtb3VsZS5jb21cL3dwLWNvbnRlbnRcL3VwbG9hZHNcLzIwMjNcLzA4XC9NR185NDcxLXNjYWxlZC5qcGVnIiwic2xpZGVzaG93IjoiMGUwNGMwMSJ9\">\n\t\t\t\t\t<div class=\"e-gallery-image elementor-gallery-item__image\" data-thumbnail=\"https:\/\/www.themoule.com\/wp-content\/uploads\/2023\/08\/MG_9471-1024x683.jpeg\" data-width=\"1024\" data-height=\"683\" aria-label=\"Busto Brand - moule\" role=\"img\" ><\/div>\n\t\t\t\t\t\t\t\t\t\t\t<div class=\"elementor-gallery-item__overlay\"><\/div>\n\t\t\t\t\t\t\t\t\t\t\t\t\t\t<\/a>\n\t\t\t\t\t\t\t<a class=\"e-gallery-item elementor-gallery-item elementor-animated-content\" href=\"https:\/\/www.themoule.com\/wp-content\/uploads\/2023\/08\/MG_7513_2-scaled.jpeg\" data-elementor-open-lightbox=\"yes\" data-elementor-lightbox-slideshow=\"0e04c01\" data-elementor-lightbox-title=\"Busto Brand - moule\" data-e-action-hash=\"#elementor-action%3Aaction%3Dlightbox%26settings%3DeyJpZCI6MTQzMSwidXJsIjoiaHR0cHM6XC9cL3d3dy50aGVtb3VsZS5jb21cL3dwLWNvbnRlbnRcL3VwbG9hZHNcLzIwMjNcLzA4XC9NR183NTEzXzItc2NhbGVkLmpwZWciLCJzbGlkZXNob3ciOiIwZTA0YzAxIn0%3D\">\n\t\t\t\t\t<div class=\"e-gallery-image elementor-gallery-item__image\" data-thumbnail=\"https:\/\/www.themoule.com\/wp-content\/uploads\/2023\/08\/MG_7513_2-1024x683.jpeg\" data-width=\"1024\" data-height=\"683\" aria-label=\"Busto Brand - moule\" role=\"img\" ><\/div>\n\t\t\t\t\t\t\t\t\t\t\t<div class=\"elementor-gallery-item__overlay\"><\/div>\n\t\t\t\t\t\t\t\t\t\t\t\t\t\t<\/a>\n\t\t\t\t\t\t\t<a class=\"e-gallery-item elementor-gallery-item elementor-animated-content\" href=\"https:\/\/www.themoule.com\/wp-content\/uploads\/2023\/08\/MG_0013_1-scaled.jpeg\" data-elementor-open-lightbox=\"yes\" data-elementor-lightbox-slideshow=\"0e04c01\" data-elementor-lightbox-title=\"Busto Brand - moule\" data-e-action-hash=\"#elementor-action%3Aaction%3Dlightbox%26settings%3DeyJpZCI6MTQzMiwidXJsIjoiaHR0cHM6XC9cL3d3dy50aGVtb3VsZS5jb21cL3dwLWNvbnRlbnRcL3VwbG9hZHNcLzIwMjNcLzA4XC9NR18wMDEzXzEtc2NhbGVkLmpwZWciLCJzbGlkZXNob3ciOiIwZTA0YzAxIn0%3D\">\n\t\t\t\t\t<div class=\"e-gallery-image elementor-gallery-item__image\" data-thumbnail=\"https:\/\/www.themoule.com\/wp-content\/uploads\/2023\/08\/MG_0013_1-683x1024.jpeg\" data-width=\"683\" data-height=\"1024\" aria-label=\"Busto Brand - moule\" role=\"img\" ><\/div>\n\t\t\t\t\t\t\t\t\t\t\t<div class=\"elementor-gallery-item__overlay\"><\/div>\n\t\t\t\t\t\t\t\t\t\t\t\t\t\t<\/a>\n\t\t\t\t\t<\/div>\n\t\t\t\t\t<\/div>\n\t\t\t\t\t<\/div>\n\t\t<\/div>\n\t\t\t\t\t<\/div>\n\t\t<\/section>\n\t\t\t\t<\/div>","protected":false},"excerpt":{"rendered":"<p>BUSTO BRAND CONTENIDO FOTOGR\u00c1FICO PARA BUSTO BRAND Creaci\u00f3n del contenido fotogr\u00e1fico para la marca de camisetas Busto Brand. El objetivo, identificar la marca como una propuesta reivindicativa, atemporal, multicultural, unisex, creativa y sostenible.<\/p>","protected":false},"author":2,"featured_media":1428,"parent":747,"menu_order":0,"comment_status":"closed","ping_status":"closed","template":"elementor_header_footer","meta":{"footnotes":""},"class_list":["post-2664","page","type-page","status-publish","has-post-thumbnail","hentry"],"yoast_head":"<!-- This site is optimized with the Yoast SEO plugin v27.3 - https:\/\/yoast.com\/product\/yoast-seo-wordpress\/ -->\n<title>PROYECTO IND. bustbrand fotos - Mo\u00fcle - Productora audiovisual independiente - Direcci\u00f3n Creativa - Direcci\u00f3n Ejecutiva<\/title>\n<meta name=\"robots\" content=\"index, follow, max-snippet:-1, max-image-preview:large, max-video-preview:-1\" \/>\n<link rel=\"canonical\" href=\"https:\/\/www.themoule.com\/en\/proyectos\/proyecto-ind-bustbrand-fotos\/\" \/>\n<meta property=\"og:locale\" content=\"en_US\" \/>\n<meta property=\"og:type\" content=\"article\" \/>\n<meta property=\"og:title\" content=\"PROYECTO IND. bustbrand fotos - Mo\u00fcle - Productora audiovisual independiente - Direcci\u00f3n Creativa - Direcci\u00f3n Ejecutiva\" \/>\n<meta property=\"og:description\" content=\"BUSTO BRAND CONTENIDO FOTOGR\u00c1FICO PARA BUSTO BRAND Creaci\u00f3n del contenido fotogr\u00e1fico para la marca de camisetas Busto Brand. El objetivo, identificar la marca como una propuesta reivindicativa, atemporal, multicultural, unisex, creativa y sostenible.\" \/>\n<meta property=\"og:url\" content=\"https:\/\/www.themoule.com\/en\/proyectos\/proyecto-ind-bustbrand-fotos\/\" \/>\n<meta property=\"og:site_name\" content=\"Mo\u00fcle - Productora audiovisual independiente - Direcci\u00f3n Creativa - Direcci\u00f3n Ejecutiva\" \/>\n<meta property=\"article:publisher\" content=\"https:\/\/www.facebook.com\/moulepeople\" \/>\n<meta property=\"article:modified_time\" content=\"2024-06-02T18:24:15+00:00\" \/>\n<meta property=\"og:image\" content=\"https:\/\/www.themoule.com\/wp-content\/uploads\/2023\/08\/IMG_9289-scaled.jpeg\" \/>\n\t<meta property=\"og:image:width\" content=\"2048\" \/>\n\t<meta property=\"og:image:height\" content=\"1366\" \/>\n\t<meta property=\"og:image:type\" content=\"image\/jpeg\" \/>\n<meta name=\"twitter:card\" content=\"summary_large_image\" \/>\n<meta name=\"twitter:site\" content=\"@moulepeople\" \/>\n<script type=\"application\/ld+json\" class=\"yoast-schema-graph\">{\"@context\":\"https:\\\/\\\/schema.org\",\"@graph\":[{\"@type\":\"WebPage\",\"@id\":\"https:\\\/\\\/www.themoule.com\\\/proyectos\\\/proyecto-ind-bustbrand-fotos\\\/\",\"url\":\"https:\\\/\\\/www.themoule.com\\\/proyectos\\\/proyecto-ind-bustbrand-fotos\\\/\",\"name\":\"PROYECTO IND. bustbrand fotos - Mo\u00fcle - Productora audiovisual independiente - Direcci\u00f3n Creativa - Direcci\u00f3n Ejecutiva\",\"isPartOf\":{\"@id\":\"https:\\\/\\\/www.themoule.com\\\/#website\"},\"primaryImageOfPage\":{\"@id\":\"https:\\\/\\\/www.themoule.com\\\/proyectos\\\/proyecto-ind-bustbrand-fotos\\\/#primaryimage\"},\"image\":{\"@id\":\"https:\\\/\\\/www.themoule.com\\\/proyectos\\\/proyecto-ind-bustbrand-fotos\\\/#primaryimage\"},\"thumbnailUrl\":\"https:\\\/\\\/www.themoule.com\\\/wp-content\\\/uploads\\\/2023\\\/08\\\/IMG_9289-scaled.jpeg\",\"datePublished\":\"2023-12-02T19:49:55+00:00\",\"dateModified\":\"2024-06-02T18:24:15+00:00\",\"breadcrumb\":{\"@id\":\"https:\\\/\\\/www.themoule.com\\\/proyectos\\\/proyecto-ind-bustbrand-fotos\\\/#breadcrumb\"},\"inLanguage\":\"en-US\",\"potentialAction\":[{\"@type\":\"ReadAction\",\"target\":[\"https:\\\/\\\/www.themoule.com\\\/proyectos\\\/proyecto-ind-bustbrand-fotos\\\/\"]}]},{\"@type\":\"ImageObject\",\"inLanguage\":\"en-US\",\"@id\":\"https:\\\/\\\/www.themoule.com\\\/proyectos\\\/proyecto-ind-bustbrand-fotos\\\/#primaryimage\",\"url\":\"https:\\\/\\\/www.themoule.com\\\/wp-content\\\/uploads\\\/2023\\\/08\\\/IMG_9289-scaled.jpeg\",\"contentUrl\":\"https:\\\/\\\/www.themoule.com\\\/wp-content\\\/uploads\\\/2023\\\/08\\\/IMG_9289-scaled.jpeg\",\"width\":2048,\"height\":1366,\"caption\":\"Busto Brand - moule\"},{\"@type\":\"BreadcrumbList\",\"@id\":\"https:\\\/\\\/www.themoule.com\\\/proyectos\\\/proyecto-ind-bustbrand-fotos\\\/#breadcrumb\",\"itemListElement\":[{\"@type\":\"ListItem\",\"position\":1,\"name\":\"Portada\",\"item\":\"https:\\\/\\\/www.themoule.com\\\/\"},{\"@type\":\"ListItem\",\"position\":2,\"name\":\"Proyectos\",\"item\":\"https:\\\/\\\/www.themoule.com\\\/proyectos\\\/\"},{\"@type\":\"ListItem\",\"position\":3,\"name\":\"PROYECTO IND. bustbrand fotos\"}]},{\"@type\":\"WebSite\",\"@id\":\"https:\\\/\\\/www.themoule.com\\\/#website\",\"url\":\"https:\\\/\\\/www.themoule.com\\\/\",\"name\":\"Mo\u00fcle | Productora Audiovisual & Storytelling\",\"description\":\"Productora audiovisual creativa\",\"publisher\":{\"@id\":\"https:\\\/\\\/www.themoule.com\\\/#organization\"},\"alternateName\":\"Moule productora\",\"potentialAction\":[{\"@type\":\"SearchAction\",\"target\":{\"@type\":\"EntryPoint\",\"urlTemplate\":\"https:\\\/\\\/www.themoule.com\\\/?s={search_term_string}\"},\"query-input\":{\"@type\":\"PropertyValueSpecification\",\"valueRequired\":true,\"valueName\":\"search_term_string\"}}],\"inLanguage\":\"en-US\"},{\"@type\":\"Organization\",\"@id\":\"https:\\\/\\\/www.themoule.com\\\/#organization\",\"name\":\"Mo\u00fcle | Productora Audiovisual & Storytelling\",\"alternateName\":\"Moule films\",\"url\":\"https:\\\/\\\/www.themoule.com\\\/\",\"logo\":{\"@type\":\"ImageObject\",\"inLanguage\":\"en-US\",\"@id\":\"https:\\\/\\\/www.themoule.com\\\/#\\\/schema\\\/logo\\\/image\\\/\",\"url\":\"https:\\\/\\\/www.themoule.com\\\/wp-content\\\/uploads\\\/2023\\\/03\\\/moule_iconblack.png\",\"contentUrl\":\"https:\\\/\\\/www.themoule.com\\\/wp-content\\\/uploads\\\/2023\\\/03\\\/moule_iconblack.png\",\"width\":915,\"height\":935,\"caption\":\"Mo\u00fcle | Productora Audiovisual & Storytelling\"},\"image\":{\"@id\":\"https:\\\/\\\/www.themoule.com\\\/#\\\/schema\\\/logo\\\/image\\\/\"},\"sameAs\":[\"https:\\\/\\\/www.facebook.com\\\/moulepeople\",\"https:\\\/\\\/x.com\\\/moulepeople\",\"https:\\\/\\\/www.instagram.com\\\/moulepeople\\\/\",\"https:\\\/\\\/www.linkedin.com\\\/company\\\/moule\\\/?viewAsMember=true\",\"https:\\\/\\\/vimeo.com\\\/mouletv\"]}]}<\/script>\n<!-- \/ Yoast SEO plugin. -->","yoast_head_json":{"title":"PROYECTO IND. bustbrand fotos - Mo\u00fcle - Productora audiovisual independiente - Direcci\u00f3n Creativa - Direcci\u00f3n Ejecutiva","robots":{"index":"index","follow":"follow","max-snippet":"max-snippet:-1","max-image-preview":"max-image-preview:large","max-video-preview":"max-video-preview:-1"},"canonical":"https:\/\/www.themoule.com\/en\/proyectos\/proyecto-ind-bustbrand-fotos\/","og_locale":"en_US","og_type":"article","og_title":"PROYECTO IND. bustbrand fotos - Mo\u00fcle - Productora audiovisual independiente - Direcci\u00f3n Creativa - Direcci\u00f3n Ejecutiva","og_description":"BUSTO BRAND CONTENIDO FOTOGR\u00c1FICO PARA BUSTO BRAND Creaci\u00f3n del contenido fotogr\u00e1fico para la marca de camisetas Busto Brand. El objetivo, identificar la marca como una propuesta reivindicativa, atemporal, multicultural, unisex, creativa y sostenible.","og_url":"https:\/\/www.themoule.com\/en\/proyectos\/proyecto-ind-bustbrand-fotos\/","og_site_name":"Mo\u00fcle - Productora audiovisual independiente - Direcci\u00f3n Creativa - Direcci\u00f3n Ejecutiva","article_publisher":"https:\/\/www.facebook.com\/moulepeople","article_modified_time":"2024-06-02T18:24:15+00:00","og_image":[{"width":2048,"height":1366,"url":"https:\/\/www.themoule.com\/wp-content\/uploads\/2023\/08\/IMG_9289-scaled.jpeg","type":"image\/jpeg"}],"twitter_card":"summary_large_image","twitter_site":"@moulepeople","schema":{"@context":"https:\/\/schema.org","@graph":[{"@type":"WebPage","@id":"https:\/\/www.themoule.com\/proyectos\/proyecto-ind-bustbrand-fotos\/","url":"https:\/\/www.themoule.com\/proyectos\/proyecto-ind-bustbrand-fotos\/","name":"PROYECTO IND. bustbrand fotos - Mo\u00fcle - Productora audiovisual independiente - Direcci\u00f3n Creativa - Direcci\u00f3n Ejecutiva","isPartOf":{"@id":"https:\/\/www.themoule.com\/#website"},"primaryImageOfPage":{"@id":"https:\/\/www.themoule.com\/proyectos\/proyecto-ind-bustbrand-fotos\/#primaryimage"},"image":{"@id":"https:\/\/www.themoule.com\/proyectos\/proyecto-ind-bustbrand-fotos\/#primaryimage"},"thumbnailUrl":"https:\/\/www.themoule.com\/wp-content\/uploads\/2023\/08\/IMG_9289-scaled.jpeg","datePublished":"2023-12-02T19:49:55+00:00","dateModified":"2024-06-02T18:24:15+00:00","breadcrumb":{"@id":"https:\/\/www.themoule.com\/proyectos\/proyecto-ind-bustbrand-fotos\/#breadcrumb"},"inLanguage":"en-US","potentialAction":[{"@type":"ReadAction","target":["https:\/\/www.themoule.com\/proyectos\/proyecto-ind-bustbrand-fotos\/"]}]},{"@type":"ImageObject","inLanguage":"en-US","@id":"https:\/\/www.themoule.com\/proyectos\/proyecto-ind-bustbrand-fotos\/#primaryimage","url":"https:\/\/www.themoule.com\/wp-content\/uploads\/2023\/08\/IMG_9289-scaled.jpeg","contentUrl":"https:\/\/www.themoule.com\/wp-content\/uploads\/2023\/08\/IMG_9289-scaled.jpeg","width":2048,"height":1366,"caption":"Busto Brand - moule"},{"@type":"BreadcrumbList","@id":"https:\/\/www.themoule.com\/proyectos\/proyecto-ind-bustbrand-fotos\/#breadcrumb","itemListElement":[{"@type":"ListItem","position":1,"name":"Portada","item":"https:\/\/www.themoule.com\/"},{"@type":"ListItem","position":2,"name":"Proyectos","item":"https:\/\/www.themoule.com\/proyectos\/"},{"@type":"ListItem","position":3,"name":"PROYECTO IND. bustbrand fotos"}]},{"@type":"WebSite","@id":"https:\/\/www.themoule.com\/#website","url":"https:\/\/www.themoule.com\/","name":"Mo\u00fcle | Productora Audiovisual & Storytelling","description":"Productora audiovisual creativa","publisher":{"@id":"https:\/\/www.themoule.com\/#organization"},"alternateName":"Moule productora","potentialAction":[{"@type":"SearchAction","target":{"@type":"EntryPoint","urlTemplate":"https:\/\/www.themoule.com\/?s={search_term_string}"},"query-input":{"@type":"PropertyValueSpecification","valueRequired":true,"valueName":"search_term_string"}}],"inLanguage":"en-US"},{"@type":"Organization","@id":"https:\/\/www.themoule.com\/#organization","name":"Mo\u00fcle | Productora Audiovisual & Storytelling","alternateName":"Moule films","url":"https:\/\/www.themoule.com\/","logo":{"@type":"ImageObject","inLanguage":"en-US","@id":"https:\/\/www.themoule.com\/#\/schema\/logo\/image\/","url":"https:\/\/www.themoule.com\/wp-content\/uploads\/2023\/03\/moule_iconblack.png","contentUrl":"https:\/\/www.themoule.com\/wp-content\/uploads\/2023\/03\/moule_iconblack.png","width":915,"height":935,"caption":"Mo\u00fcle | Productora Audiovisual & Storytelling"},"image":{"@id":"https:\/\/www.themoule.com\/#\/schema\/logo\/image\/"},"sameAs":["https:\/\/www.facebook.com\/moulepeople","https:\/\/x.com\/moulepeople","https:\/\/www.instagram.com\/moulepeople\/","https:\/\/www.linkedin.com\/company\/moule\/?viewAsMember=true","https:\/\/vimeo.com\/mouletv"]}]}},"_links":{"self":[{"href":"https:\/\/www.themoule.com\/en\/wp-json\/wp\/v2\/pages\/2664","targetHints":{"allow":["GET"]}}],"collection":[{"href":"https:\/\/www.themoule.com\/en\/wp-json\/wp\/v2\/pages"}],"about":[{"href":"https:\/\/www.themoule.com\/en\/wp-json\/wp\/v2\/types\/page"}],"author":[{"embeddable":true,"href":"https:\/\/www.themoule.com\/en\/wp-json\/wp\/v2\/users\/2"}],"replies":[{"embeddable":true,"href":"https:\/\/www.themoule.com\/en\/wp-json\/wp\/v2\/comments?post=2664"}],"version-history":[{"count":12,"href":"https:\/\/www.themoule.com\/en\/wp-json\/wp\/v2\/pages\/2664\/revisions"}],"predecessor-version":[{"id":4006,"href":"https:\/\/www.themoule.com\/en\/wp-json\/wp\/v2\/pages\/2664\/revisions\/4006"}],"up":[{"embeddable":true,"href":"https:\/\/www.themoule.com\/en\/wp-json\/wp\/v2\/pages\/747"}],"wp:featuredmedia":[{"embeddable":true,"href":"https:\/\/www.themoule.com\/en\/wp-json\/wp\/v2\/media\/1428"}],"wp:attachment":[{"href":"https:\/\/www.themoule.com\/en\/wp-json\/wp\/v2\/media?parent=2664"}],"curies":[{"name":"wp","href":"https:\/\/api.w.org\/{rel}","templated":true}]}}